{"id":125,"date":"2022-12-16T08:04:35","date_gmt":"2022-12-16T08:04:35","guid":{"rendered":"https:\/\/www.capitalwindowsottawa.com\/?page_id=125"},"modified":"2025-07-16T09:16:22","modified_gmt":"2025-07-16T09:16:22","slug":"fenetres","status":"publish","type":"page","link":"https:\/\/www.capitalwindowsottawa.com\/fr\/fenetres\/","title":{"rendered":"fen\u00eatres"},"content":{"rendered":"","protected":false},"excerpt":{"rendered":"","protected":false},"author":1,"featured_media":0,"parent":0,"menu_order":0,"comment_status":"closed","ping_status":"closed","template":"templates\/section-block.php","meta":{"_acf_changed":false,"footnotes":""},"class_list":["post-125","page","type-page","status-publish","hentry"],"acf":[],"yoast_head":"<!-- This site is optimized with the Yoast SEO plugin v27.3 - https:\/\/yoast.com\/product\/yoast-seo-wordpress\/ -->\n<title>Ventes De Fen\u00eatres - Vinyle, D&#039;\u00e9lite, \u00c0 Battant &amp; Coulissante<\/title>\n<meta name=\"description\" content=\"Capitall Windows offre des vinyle, des fen\u00eatres \u00e9lites, des fen\u00eatres \u00e0 guillotine simple, des services d&#039;installation \u00e0 glissi\u00e8re simple et \u00e0 fen\u00eatre.\" \/>\n<meta name=\"robots\" content=\"index, follow, max-snippet:-1, max-image-preview:large, max-video-preview:-1\" \/>\n<link rel=\"canonical\" href=\"https:\/\/www.capitalwindowsottawa.com\/fr\/fenetres\/\" \/>\n<meta property=\"og:locale\" content=\"fr_FR\" \/>\n<meta property=\"og:type\" content=\"article\" \/>\n<meta property=\"og:title\" content=\"Ventes De Fen\u00eatres - Vinyle, D&#039;\u00e9lite, \u00c0 Battant &amp; Coulissante\" \/>\n<meta property=\"og:description\" content=\"Capitall Windows offre des vinyle, des fen\u00eatres \u00e9lites, des fen\u00eatres \u00e0 guillotine simple, des services d&#039;installation \u00e0 glissi\u00e8re simple et \u00e0 fen\u00eatre.\" \/>\n<meta property=\"og:url\" content=\"https:\/\/www.capitalwindowsottawa.com\/fr\/fenetres\/\" \/>\n<meta property=\"og:site_name\" content=\"Capitall Windows\" \/>\n<meta property=\"article:modified_time\" content=\"2025-07-16T09:16:22+00:00\" \/>\n<meta name=\"twitter:card\" content=\"summary_large_image\" \/>\n<script type=\"application\/ld+json\" class=\"yoast-schema-graph\">{\"@context\":\"https:\\\/\\\/schema.org\",\"@graph\":[{\"@type\":\"WebPage\",\"@id\":\"https:\\\/\\\/www.capitalwindowsottawa.com\\\/fr\\\/fenetres\\\/\",\"url\":\"https:\\\/\\\/www.capitalwindowsottawa.com\\\/fr\\\/fenetres\\\/\",\"name\":\"Ventes De Fen\u00eatres - Vinyle, D'\u00e9lite, \u00c0 Battant & Coulissante\",\"isPartOf\":{\"@id\":\"https:\\\/\\\/www.capitalwindowsottawa.com\\\/fr\\\/#website\"},\"datePublished\":\"2022-12-16T08:04:35+00:00\",\"dateModified\":\"2025-07-16T09:16:22+00:00\",\"description\":\"Capitall Windows offre des vinyle, des fen\u00eatres \u00e9lites, des fen\u00eatres \u00e0 guillotine simple, des services d'installation \u00e0 glissi\u00e8re simple et \u00e0 fen\u00eatre.\",\"breadcrumb\":{\"@id\":\"https:\\\/\\\/www.capitalwindowsottawa.com\\\/fr\\\/fenetres\\\/#breadcrumb\"},\"inLanguage\":\"fr-FR\",\"potentialAction\":[{\"@type\":\"ReadAction\",\"target\":[\"https:\\\/\\\/www.capitalwindowsottawa.com\\\/fr\\\/fenetres\\\/\"]}]},{\"@type\":\"BreadcrumbList\",\"@id\":\"https:\\\/\\\/www.capitalwindowsottawa.com\\\/fr\\\/fenetres\\\/#breadcrumb\",\"itemListElement\":[{\"@type\":\"ListItem\",\"position\":1,\"name\":\"Home\",\"item\":\"https:\\\/\\\/www.capitalwindowsottawa.com\\\/fr\\\/\"},{\"@type\":\"ListItem\",\"position\":2,\"name\":\"fen\u00eatres\"}]},{\"@type\":\"WebSite\",\"@id\":\"https:\\\/\\\/www.capitalwindowsottawa.com\\\/fr\\\/#website\",\"url\":\"https:\\\/\\\/www.capitalwindowsottawa.com\\\/fr\\\/\",\"name\":\"Capitall Windows\",\"description\":\"\",\"potentialAction\":[{\"@type\":\"SearchAction\",\"target\":{\"@type\":\"EntryPoint\",\"urlTemplate\":\"https:\\\/\\\/www.capitalwindowsottawa.com\\\/fr\\\/?s={search_term_string}\"},\"query-input\":{\"@type\":\"PropertyValueSpecification\",\"valueRequired\":true,\"valueName\":\"search_term_string\"}}],\"inLanguage\":\"fr-FR\"}]}<\/script>\n<!-- \/ Yoast SEO plugin. -->","yoast_head_json":{"title":"Ventes De Fen\u00eatres - Vinyle, D'\u00e9lite, \u00c0 Battant & Coulissante","description":"Capitall Windows offre des vinyle, des fen\u00eatres \u00e9lites, des fen\u00eatres \u00e0 guillotine simple, des services d'installation \u00e0 glissi\u00e8re simple et \u00e0 fen\u00eatre.","robots":{"index":"index","follow":"follow","max-snippet":"max-snippet:-1","max-image-preview":"max-image-preview:large","max-video-preview":"max-video-preview:-1"},"canonical":"https:\/\/www.capitalwindowsottawa.com\/fr\/fenetres\/","og_locale":"fr_FR","og_type":"article","og_title":"Ventes De Fen\u00eatres - Vinyle, D'\u00e9lite, \u00c0 Battant & Coulissante","og_description":"Capitall Windows offre des vinyle, des fen\u00eatres \u00e9lites, des fen\u00eatres \u00e0 guillotine simple, des services d'installation \u00e0 glissi\u00e8re simple et \u00e0 fen\u00eatre.","og_url":"https:\/\/www.capitalwindowsottawa.com\/fr\/fenetres\/","og_site_name":"Capitall Windows","article_modified_time":"2025-07-16T09:16:22+00:00","twitter_card":"summary_large_image","schema":{"@context":"https:\/\/schema.org","@graph":[{"@type":"WebPage","@id":"https:\/\/www.capitalwindowsottawa.com\/fr\/fenetres\/","url":"https:\/\/www.capitalwindowsottawa.com\/fr\/fenetres\/","name":"Ventes De Fen\u00eatres - Vinyle, D'\u00e9lite, \u00c0 Battant & Coulissante","isPartOf":{"@id":"https:\/\/www.capitalwindowsottawa.com\/fr\/#website"},"datePublished":"2022-12-16T08:04:35+00:00","dateModified":"2025-07-16T09:16:22+00:00","description":"Capitall Windows offre des vinyle, des fen\u00eatres \u00e9lites, des fen\u00eatres \u00e0 guillotine simple, des services d'installation \u00e0 glissi\u00e8re simple et \u00e0 fen\u00eatre.","breadcrumb":{"@id":"https:\/\/www.capitalwindowsottawa.com\/fr\/fenetres\/#breadcrumb"},"inLanguage":"fr-FR","potentialAction":[{"@type":"ReadAction","target":["https:\/\/www.capitalwindowsottawa.com\/fr\/fenetres\/"]}]},{"@type":"BreadcrumbList","@id":"https:\/\/www.capitalwindowsottawa.com\/fr\/fenetres\/#breadcrumb","itemListElement":[{"@type":"ListItem","position":1,"name":"Home","item":"https:\/\/www.capitalwindowsottawa.com\/fr\/"},{"@type":"ListItem","position":2,"name":"fen\u00eatres"}]},{"@type":"WebSite","@id":"https:\/\/www.capitalwindowsottawa.com\/fr\/#website","url":"https:\/\/www.capitalwindowsottawa.com\/fr\/","name":"Capitall Windows","description":"","potentialAction":[{"@type":"SearchAction","target":{"@type":"EntryPoint","urlTemplate":"https:\/\/www.capitalwindowsottawa.com\/fr\/?s={search_term_string}"},"query-input":{"@type":"PropertyValueSpecification","valueRequired":true,"valueName":"search_term_string"}}],"inLanguage":"fr-FR"}]}},"_links":{"self":[{"href":"https:\/\/www.capitalwindowsottawa.com\/fr\/wp-json\/wp\/v2\/pages\/125","targetHints":{"allow":["GET"]}}],"collection":[{"href":"https:\/\/www.capitalwindowsottawa.com\/fr\/wp-json\/wp\/v2\/pages"}],"about":[{"href":"https:\/\/www.capitalwindowsottawa.com\/fr\/wp-json\/wp\/v2\/types\/page"}],"author":[{"embeddable":true,"href":"https:\/\/www.capitalwindowsottawa.com\/fr\/wp-json\/wp\/v2\/users\/1"}],"replies":[{"embeddable":true,"href":"https:\/\/www.capitalwindowsottawa.com\/fr\/wp-json\/wp\/v2\/comments?post=125"}],"version-history":[{"count":15,"href":"https:\/\/www.capitalwindowsottawa.com\/fr\/wp-json\/wp\/v2\/pages\/125\/revisions"}],"predecessor-version":[{"id":2132,"href":"https:\/\/www.capitalwindowsottawa.com\/fr\/wp-json\/wp\/v2\/pages\/125\/revisions\/2132"}],"wp:attachment":[{"href":"https:\/\/www.capitalwindowsottawa.com\/fr\/wp-json\/wp\/v2\/media?parent=125"}],"curies":[{"name":"wp","href":"https:\/\/api.w.org\/{rel}","templated":true}]}}