{"id":128,"date":"2022-12-16T08:04:40","date_gmt":"2022-12-16T08:04:40","guid":{"rendered":"https:\/\/www.capitalwindowsottawa.com\/?page_id=128"},"modified":"2023-02-16T11:54:26","modified_gmt":"2023-02-16T11:54:26","slug":"portes","status":"publish","type":"page","link":"https:\/\/www.capitalwindowsottawa.com\/fr\/portes\/","title":{"rendered":"portes"},"content":{"rendered":"","protected":false},"excerpt":{"rendered":"","protected":false},"author":1,"featured_media":0,"parent":0,"menu_order":0,"comment_status":"closed","ping_status":"closed","template":"templates\/section-block.php","meta":{"_acf_changed":false,"footnotes":""},"class_list":["post-128","page","type-page","status-publish","hentry"],"acf":[],"yoast_head":"<!-- This site is optimized with the Yoast SEO plugin v27.3 - https:\/\/yoast.com\/product\/yoast-seo-wordpress\/ -->\n<title>Portes - Portes d&#039;entr\u00e9e, coulissantes, grillag\u00e9es et sur mesure<\/title>\n<meta name=\"description\" content=\"Fen\u00eatres Capitall Ottawa offre des contre-portes, coulissantes, d&#039;entr\u00e9e, d&#039;entr\u00e9e, patio, moustiquaires, ext\u00e9rieures et des portes personnalis\u00e9es.\" \/>\n<meta name=\"robots\" content=\"index, follow, max-snippet:-1, max-image-preview:large, max-video-preview:-1\" \/>\n<link rel=\"canonical\" href=\"https:\/\/www.capitalwindowsottawa.com\/fr\/portes\/\" \/>\n<meta property=\"og:locale\" content=\"fr_FR\" \/>\n<meta property=\"og:type\" content=\"article\" \/>\n<meta property=\"og:title\" content=\"Portes - Portes d&#039;entr\u00e9e, coulissantes, grillag\u00e9es et sur mesure\" \/>\n<meta property=\"og:description\" content=\"Fen\u00eatres Capitall Ottawa offre des contre-portes, coulissantes, d&#039;entr\u00e9e, d&#039;entr\u00e9e, patio, moustiquaires, ext\u00e9rieures et des portes personnalis\u00e9es.\" \/>\n<meta property=\"og:url\" content=\"https:\/\/www.capitalwindowsottawa.com\/fr\/portes\/\" \/>\n<meta property=\"og:site_name\" content=\"Capitall Windows\" \/>\n<meta property=\"article:modified_time\" content=\"2023-02-16T11:54:26+00:00\" \/>\n<meta name=\"twitter:card\" content=\"summary_large_image\" \/>\n<script type=\"application\/ld+json\" class=\"yoast-schema-graph\">{\"@context\":\"https:\\\/\\\/schema.org\",\"@graph\":[{\"@type\":\"WebPage\",\"@id\":\"https:\\\/\\\/www.capitalwindowsottawa.com\\\/fr\\\/portes\\\/\",\"url\":\"https:\\\/\\\/www.capitalwindowsottawa.com\\\/fr\\\/portes\\\/\",\"name\":\"Portes - Portes d'entr\u00e9e, coulissantes, grillag\u00e9es et sur mesure\",\"isPartOf\":{\"@id\":\"https:\\\/\\\/www.capitalwindowsottawa.com\\\/fr\\\/#website\"},\"datePublished\":\"2022-12-16T08:04:40+00:00\",\"dateModified\":\"2023-02-16T11:54:26+00:00\",\"description\":\"Fen\u00eatres Capitall Ottawa offre des contre-portes, coulissantes, d'entr\u00e9e, d'entr\u00e9e, patio, moustiquaires, ext\u00e9rieures et des portes personnalis\u00e9es.\",\"breadcrumb\":{\"@id\":\"https:\\\/\\\/www.capitalwindowsottawa.com\\\/fr\\\/portes\\\/#breadcrumb\"},\"inLanguage\":\"fr-FR\",\"potentialAction\":[{\"@type\":\"ReadAction\",\"target\":[\"https:\\\/\\\/www.capitalwindowsottawa.com\\\/fr\\\/portes\\\/\"]}]},{\"@type\":\"BreadcrumbList\",\"@id\":\"https:\\\/\\\/www.capitalwindowsottawa.com\\\/fr\\\/portes\\\/#breadcrumb\",\"itemListElement\":[{\"@type\":\"ListItem\",\"position\":1,\"name\":\"Home\",\"item\":\"https:\\\/\\\/www.capitalwindowsottawa.com\\\/fr\\\/\"},{\"@type\":\"ListItem\",\"position\":2,\"name\":\"portes\"}]},{\"@type\":\"WebSite\",\"@id\":\"https:\\\/\\\/www.capitalwindowsottawa.com\\\/fr\\\/#website\",\"url\":\"https:\\\/\\\/www.capitalwindowsottawa.com\\\/fr\\\/\",\"name\":\"Capitall Windows\",\"description\":\"\",\"potentialAction\":[{\"@type\":\"SearchAction\",\"target\":{\"@type\":\"EntryPoint\",\"urlTemplate\":\"https:\\\/\\\/www.capitalwindowsottawa.com\\\/fr\\\/?s={search_term_string}\"},\"query-input\":{\"@type\":\"PropertyValueSpecification\",\"valueRequired\":true,\"valueName\":\"search_term_string\"}}],\"inLanguage\":\"fr-FR\"}]}<\/script>\n<!-- \/ Yoast SEO plugin. -->","yoast_head_json":{"title":"Portes - Portes d'entr\u00e9e, coulissantes, grillag\u00e9es et sur mesure","description":"Fen\u00eatres Capitall Ottawa offre des contre-portes, coulissantes, d'entr\u00e9e, d'entr\u00e9e, patio, moustiquaires, ext\u00e9rieures et des portes personnalis\u00e9es.","robots":{"index":"index","follow":"follow","max-snippet":"max-snippet:-1","max-image-preview":"max-image-preview:large","max-video-preview":"max-video-preview:-1"},"canonical":"https:\/\/www.capitalwindowsottawa.com\/fr\/portes\/","og_locale":"fr_FR","og_type":"article","og_title":"Portes - Portes d'entr\u00e9e, coulissantes, grillag\u00e9es et sur mesure","og_description":"Fen\u00eatres Capitall Ottawa offre des contre-portes, coulissantes, d'entr\u00e9e, d'entr\u00e9e, patio, moustiquaires, ext\u00e9rieures et des portes personnalis\u00e9es.","og_url":"https:\/\/www.capitalwindowsottawa.com\/fr\/portes\/","og_site_name":"Capitall Windows","article_modified_time":"2023-02-16T11:54:26+00:00","twitter_card":"summary_large_image","schema":{"@context":"https:\/\/schema.org","@graph":[{"@type":"WebPage","@id":"https:\/\/www.capitalwindowsottawa.com\/fr\/portes\/","url":"https:\/\/www.capitalwindowsottawa.com\/fr\/portes\/","name":"Portes - Portes d'entr\u00e9e, coulissantes, grillag\u00e9es et sur mesure","isPartOf":{"@id":"https:\/\/www.capitalwindowsottawa.com\/fr\/#website"},"datePublished":"2022-12-16T08:04:40+00:00","dateModified":"2023-02-16T11:54:26+00:00","description":"Fen\u00eatres Capitall Ottawa offre des contre-portes, coulissantes, d'entr\u00e9e, d'entr\u00e9e, patio, moustiquaires, ext\u00e9rieures et des portes personnalis\u00e9es.","breadcrumb":{"@id":"https:\/\/www.capitalwindowsottawa.com\/fr\/portes\/#breadcrumb"},"inLanguage":"fr-FR","potentialAction":[{"@type":"ReadAction","target":["https:\/\/www.capitalwindowsottawa.com\/fr\/portes\/"]}]},{"@type":"BreadcrumbList","@id":"https:\/\/www.capitalwindowsottawa.com\/fr\/portes\/#breadcrumb","itemListElement":[{"@type":"ListItem","position":1,"name":"Home","item":"https:\/\/www.capitalwindowsottawa.com\/fr\/"},{"@type":"ListItem","position":2,"name":"portes"}]},{"@type":"WebSite","@id":"https:\/\/www.capitalwindowsottawa.com\/fr\/#website","url":"https:\/\/www.capitalwindowsottawa.com\/fr\/","name":"Capitall Windows","description":"","potentialAction":[{"@type":"SearchAction","target":{"@type":"EntryPoint","urlTemplate":"https:\/\/www.capitalwindowsottawa.com\/fr\/?s={search_term_string}"},"query-input":{"@type":"PropertyValueSpecification","valueRequired":true,"valueName":"search_term_string"}}],"inLanguage":"fr-FR"}]}},"_links":{"self":[{"href":"https:\/\/www.capitalwindowsottawa.com\/fr\/wp-json\/wp\/v2\/pages\/128","targetHints":{"allow":["GET"]}}],"collection":[{"href":"https:\/\/www.capitalwindowsottawa.com\/fr\/wp-json\/wp\/v2\/pages"}],"about":[{"href":"https:\/\/www.capitalwindowsottawa.com\/fr\/wp-json\/wp\/v2\/types\/page"}],"author":[{"embeddable":true,"href":"https:\/\/www.capitalwindowsottawa.com\/fr\/wp-json\/wp\/v2\/users\/1"}],"replies":[{"embeddable":true,"href":"https:\/\/www.capitalwindowsottawa.com\/fr\/wp-json\/wp\/v2\/comments?post=128"}],"version-history":[{"count":15,"href":"https:\/\/www.capitalwindowsottawa.com\/fr\/wp-json\/wp\/v2\/pages\/128\/revisions"}],"predecessor-version":[{"id":1293,"href":"https:\/\/www.capitalwindowsottawa.com\/fr\/wp-json\/wp\/v2\/pages\/128\/revisions\/1293"}],"wp:attachment":[{"href":"https:\/\/www.capitalwindowsottawa.com\/fr\/wp-json\/wp\/v2\/media?parent=128"}],"curies":[{"name":"wp","href":"https:\/\/api.w.org\/{rel}","templated":true}]}}