{"id":162,"date":"2022-12-16T12:13:16","date_gmt":"2022-12-16T12:13:16","guid":{"rendered":"https:\/\/www.capitalwindowsottawa.com\/?page_id=162"},"modified":"2023-02-16T10:45:18","modified_gmt":"2023-02-16T10:45:18","slug":"a-propos","status":"publish","type":"page","link":"https:\/\/www.capitalwindowsottawa.com\/fr\/a-propos\/","title":{"rendered":"\u00c0 PROPOS"},"content":{"rendered":"<h1>\u00c0 PROPOS<\/h1>\n<p>Notre objectif est de faire en sorte que l&rsquo;apparence de votre maison, son confort et sa valeur globale soient reconnus et rehauss\u00e9s, une fois que les fen\u00eatres et les portes auront \u00e9t\u00e9 install\u00e9es. Prot\u00e9gez efficacement votre maison des al\u00e9as du climat gr\u00e2ce \u00e0 nos portes et fen\u00eatres \u00e0 haute efficacit\u00e9 certifi\u00e9es Energy Star.<\/p>\n<p>Les propri\u00e9taires de Capitall Windows exercent leurs activit\u00e9s depuis plus de 15 ans dans le secteur de la vente et de l\u2019installation de portes et fen\u00eatres. Leur r\u00e9putation enviable et la qualit\u00e9 de leurs produits reposent sur du concret : des clients satisfaits et d\u2019excellentes critiques. Lisez certains de ces\u00a0<a href=\"https:\/\/www.capitalwindowsottawa.com\/fr\/temoignages\/\">t\u00e9moignages et commentaires ici<\/a>.<\/p>\n<p>Capitall Windows s\u2019emploie depuis toujours \u00e0 r\u00e9pondre \u00e0 la demande constante pour des produits et services de qualit\u00e9, en ce qui concerne les portes et les fen\u00eatres, \u00e0 Ottawa\/Gatineau. Ce faisant, l\u2019entreprise est devenue un chef de file, offrant \u00e0 ses clients une exp\u00e9rience d\u2019achat compl\u00e8te. Capitall Windows dispose d&rsquo;une grande salle d&rsquo;exposition qui lui permet de pr\u00e9senter des portes et fen\u00eatres qui refl\u00e8tent toutes les tendances actuelles.<\/p>\n<h2>NOTRE MISSION ET NOS PRINCIPES<\/h2>\n<p>Notre mission est de fournir \u00e0 chacun de nos clients des produits de grande qualit\u00e9, des services hautement professionnels et le r\u00e9sultat final auquel ils s\u2019attendent de la part d&rsquo;une entreprise sp\u00e9cialis\u00e9e dans l&rsquo;installation de portes et fen\u00eatres. Pour ce faire, nous offrons des produits de grande qualit\u00e9, un savoir-faire hors pair et le meilleur service \u00e0 la client\u00e8le possible, et ce, \u00e0 un prix comp\u00e9titif et adapt\u00e9 \u00e0 votre budget.<\/p>\n<h2>SATISFACTION CLIENT GARANTIE \u00c0 100 %<\/h2>\n<p>Nous sommes fiers d\u2019offrir un service \u00e0 la client\u00e8le exceptionnel \u00e0 tous nos clients de la r\u00e9gion d\u2019Ottawa\/Gatineau. Nous consid\u00e9rons que notre t\u00e2che n\u2019est pas termin\u00e9e tant que vous n&rsquo;\u00eates pas compl\u00e8tement satisfait des r\u00e9sultats. Nous sommes fiers de nos r\u00e9alisations et nous ferons tout ce qu\u2019il faut pour que vos id\u00e9es se concr\u00e9tisent. Nous avons plusieurs modes de financement disponibles pour vous permettre de mener \u00e0 bien votre projet de r\u00e9novation de portes et fen\u00eatres, de la mani\u00e8re qui soit la plus simple pour vous, du point de vue financier.<\/p>\n<h2>CONSULTATION GRATUITE \u00c0 DOMICILE<\/h2>\n<p>Au fil des ans, nous avons am\u00e9lior\u00e9 des milliers de maisons et fait \u00e9conomiser des dizaines de milliers de dollars \u00e0 nos clients sur leurs factures de chauffage et de climatisation. Nous voulons que votre r\u00e9sidence soit la prochaine \u00e0 en b\u00e9n\u00e9ficier, afin de la rendre plus attrayante et de r\u00e9duire sa consommation d&rsquo;\u00e9nergie. Communiquez avec nous d\u00e8s aujourd\u2019hui et inscrivez-vous en ligne pour obtenir votre\u00a0<a href=\"https:\/\/www.capitalwindowsottawa.com\/fr\/estimations\/\">estimation GRATUITE \u00e0 domicile<\/a>!<\/p>\n","protected":false},"excerpt":{"rendered":"<p>\u00c0 PROPOS Notre objectif est de faire en sorte que l&rsquo;apparence de votre maison, son confort et sa valeur globale soient reconnus et rehauss\u00e9s, une fois que les fen\u00eatres et les portes auront \u00e9t\u00e9 install\u00e9es. Prot\u00e9gez efficacement votre maison des al\u00e9as du climat gr\u00e2ce \u00e0 nos portes et fen\u00eatres \u00e0 haute efficacit\u00e9 certifi\u00e9es Energy Star. [&hellip;]<\/p>\n","protected":false},"author":1,"featured_media":0,"parent":0,"menu_order":0,"comment_status":"closed","ping_status":"closed","template":"","meta":{"_acf_changed":false,"footnotes":""},"class_list":["post-162","page","type-page","status-publish","hentry"],"acf":[],"yoast_head":"<!-- This site is optimized with the Yoast SEO plugin v27.3 - https:\/\/yoast.com\/product\/yoast-seo-wordpress\/ -->\n<title>\u00c0 propos de nous | Fen\u00eatres capitales<\/title>\n<meta name=\"description\" content=\"Cliquez ici pour conna\u00eetre Capitall Windows Inc. Il a plus de 15 ans d&#039;exp\u00e9rience dans la vente, l&#039;installation et le remplacement de portes et fen\u00eatres.\" \/>\n<meta name=\"robots\" content=\"index, follow, max-snippet:-1, max-image-preview:large, max-video-preview:-1\" \/>\n<link rel=\"canonical\" href=\"https:\/\/www.capitalwindowsottawa.com\/fr\/a-propos\/\" \/>\n<meta property=\"og:locale\" content=\"fr_FR\" \/>\n<meta property=\"og:type\" content=\"article\" \/>\n<meta property=\"og:title\" content=\"\u00c0 propos de nous | Fen\u00eatres capitales\" \/>\n<meta property=\"og:description\" content=\"Cliquez ici pour conna\u00eetre Capitall Windows Inc. Il a plus de 15 ans d&#039;exp\u00e9rience dans la vente, l&#039;installation et le remplacement de portes et fen\u00eatres.\" \/>\n<meta property=\"og:url\" content=\"https:\/\/www.capitalwindowsottawa.com\/fr\/a-propos\/\" \/>\n<meta property=\"og:site_name\" content=\"Capitall Windows\" \/>\n<meta property=\"article:modified_time\" content=\"2023-02-16T10:45:18+00:00\" \/>\n<meta name=\"twitter:card\" content=\"summary_large_image\" \/>\n<meta name=\"twitter:label1\" content=\"Dur\u00e9e de lecture estim\u00e9e\" \/>\n\t<meta name=\"twitter:data1\" content=\"2 minutes\" \/>\n<script type=\"application\/ld+json\" class=\"yoast-schema-graph\">{\"@context\":\"https:\\\/\\\/schema.org\",\"@graph\":[{\"@type\":\"WebPage\",\"@id\":\"https:\\\/\\\/www.capitalwindowsottawa.com\\\/fr\\\/a-propos\\\/\",\"url\":\"https:\\\/\\\/www.capitalwindowsottawa.com\\\/fr\\\/a-propos\\\/\",\"name\":\"\u00c0 propos de nous | Fen\u00eatres capitales\",\"isPartOf\":{\"@id\":\"https:\\\/\\\/www.capitalwindowsottawa.com\\\/fr\\\/#website\"},\"datePublished\":\"2022-12-16T12:13:16+00:00\",\"dateModified\":\"2023-02-16T10:45:18+00:00\",\"description\":\"Cliquez ici pour conna\u00eetre Capitall Windows Inc. Il a plus de 15 ans d'exp\u00e9rience dans la vente, l'installation et le remplacement de portes et fen\u00eatres.\",\"breadcrumb\":{\"@id\":\"https:\\\/\\\/www.capitalwindowsottawa.com\\\/fr\\\/a-propos\\\/#breadcrumb\"},\"inLanguage\":\"fr-FR\",\"potentialAction\":[{\"@type\":\"ReadAction\",\"target\":[\"https:\\\/\\\/www.capitalwindowsottawa.com\\\/fr\\\/a-propos\\\/\"]}]},{\"@type\":\"BreadcrumbList\",\"@id\":\"https:\\\/\\\/www.capitalwindowsottawa.com\\\/fr\\\/a-propos\\\/#breadcrumb\",\"itemListElement\":[{\"@type\":\"ListItem\",\"position\":1,\"name\":\"Home\",\"item\":\"https:\\\/\\\/www.capitalwindowsottawa.com\\\/fr\\\/\"},{\"@type\":\"ListItem\",\"position\":2,\"name\":\"\u00c0 PROPOS\"}]},{\"@type\":\"WebSite\",\"@id\":\"https:\\\/\\\/www.capitalwindowsottawa.com\\\/fr\\\/#website\",\"url\":\"https:\\\/\\\/www.capitalwindowsottawa.com\\\/fr\\\/\",\"name\":\"Capitall Windows\",\"description\":\"\",\"potentialAction\":[{\"@type\":\"SearchAction\",\"target\":{\"@type\":\"EntryPoint\",\"urlTemplate\":\"https:\\\/\\\/www.capitalwindowsottawa.com\\\/fr\\\/?s={search_term_string}\"},\"query-input\":{\"@type\":\"PropertyValueSpecification\",\"valueRequired\":true,\"valueName\":\"search_term_string\"}}],\"inLanguage\":\"fr-FR\"}]}<\/script>\n<!-- \/ Yoast SEO plugin. -->","yoast_head_json":{"title":"\u00c0 propos de nous | Fen\u00eatres capitales","description":"Cliquez ici pour conna\u00eetre Capitall Windows Inc. Il a plus de 15 ans d'exp\u00e9rience dans la vente, l'installation et le remplacement de portes et fen\u00eatres.","robots":{"index":"index","follow":"follow","max-snippet":"max-snippet:-1","max-image-preview":"max-image-preview:large","max-video-preview":"max-video-preview:-1"},"canonical":"https:\/\/www.capitalwindowsottawa.com\/fr\/a-propos\/","og_locale":"fr_FR","og_type":"article","og_title":"\u00c0 propos de nous | Fen\u00eatres capitales","og_description":"Cliquez ici pour conna\u00eetre Capitall Windows Inc. Il a plus de 15 ans d'exp\u00e9rience dans la vente, l'installation et le remplacement de portes et fen\u00eatres.","og_url":"https:\/\/www.capitalwindowsottawa.com\/fr\/a-propos\/","og_site_name":"Capitall Windows","article_modified_time":"2023-02-16T10:45:18+00:00","twitter_card":"summary_large_image","twitter_misc":{"Dur\u00e9e de lecture estim\u00e9e":"2 minutes"},"schema":{"@context":"https:\/\/schema.org","@graph":[{"@type":"WebPage","@id":"https:\/\/www.capitalwindowsottawa.com\/fr\/a-propos\/","url":"https:\/\/www.capitalwindowsottawa.com\/fr\/a-propos\/","name":"\u00c0 propos de nous | Fen\u00eatres capitales","isPartOf":{"@id":"https:\/\/www.capitalwindowsottawa.com\/fr\/#website"},"datePublished":"2022-12-16T12:13:16+00:00","dateModified":"2023-02-16T10:45:18+00:00","description":"Cliquez ici pour conna\u00eetre Capitall Windows Inc. Il a plus de 15 ans d'exp\u00e9rience dans la vente, l'installation et le remplacement de portes et fen\u00eatres.","breadcrumb":{"@id":"https:\/\/www.capitalwindowsottawa.com\/fr\/a-propos\/#breadcrumb"},"inLanguage":"fr-FR","potentialAction":[{"@type":"ReadAction","target":["https:\/\/www.capitalwindowsottawa.com\/fr\/a-propos\/"]}]},{"@type":"BreadcrumbList","@id":"https:\/\/www.capitalwindowsottawa.com\/fr\/a-propos\/#breadcrumb","itemListElement":[{"@type":"ListItem","position":1,"name":"Home","item":"https:\/\/www.capitalwindowsottawa.com\/fr\/"},{"@type":"ListItem","position":2,"name":"\u00c0 PROPOS"}]},{"@type":"WebSite","@id":"https:\/\/www.capitalwindowsottawa.com\/fr\/#website","url":"https:\/\/www.capitalwindowsottawa.com\/fr\/","name":"Capitall Windows","description":"","potentialAction":[{"@type":"SearchAction","target":{"@type":"EntryPoint","urlTemplate":"https:\/\/www.capitalwindowsottawa.com\/fr\/?s={search_term_string}"},"query-input":{"@type":"PropertyValueSpecification","valueRequired":true,"valueName":"search_term_string"}}],"inLanguage":"fr-FR"}]}},"_links":{"self":[{"href":"https:\/\/www.capitalwindowsottawa.com\/fr\/wp-json\/wp\/v2\/pages\/162","targetHints":{"allow":["GET"]}}],"collection":[{"href":"https:\/\/www.capitalwindowsottawa.com\/fr\/wp-json\/wp\/v2\/pages"}],"about":[{"href":"https:\/\/www.capitalwindowsottawa.com\/fr\/wp-json\/wp\/v2\/types\/page"}],"author":[{"embeddable":true,"href":"https:\/\/www.capitalwindowsottawa.com\/fr\/wp-json\/wp\/v2\/users\/1"}],"replies":[{"embeddable":true,"href":"https:\/\/www.capitalwindowsottawa.com\/fr\/wp-json\/wp\/v2\/comments?post=162"}],"version-history":[{"count":6,"href":"https:\/\/www.capitalwindowsottawa.com\/fr\/wp-json\/wp\/v2\/pages\/162\/revisions"}],"predecessor-version":[{"id":1300,"href":"https:\/\/www.capitalwindowsottawa.com\/fr\/wp-json\/wp\/v2\/pages\/162\/revisions\/1300"}],"wp:attachment":[{"href":"https:\/\/www.capitalwindowsottawa.com\/fr\/wp-json\/wp\/v2\/media?parent=162"}],"curies":[{"name":"wp","href":"https:\/\/api.w.org\/{rel}","templated":true}]}}