{"id":166,"date":"2022-12-16T07:36:39","date_gmt":"2022-12-16T07:36:39","guid":{"rendered":"https:\/\/www.capitalwindowsottawa.com\/?page_id=166"},"modified":"2023-06-22T09:27:51","modified_gmt":"2023-06-22T09:27:51","slug":"politique-de-confidentialite","status":"publish","type":"page","link":"https:\/\/www.capitalwindowsottawa.com\/fr\/politique-de-confidentialite\/","title":{"rendered":"politique de confidentialite"},"content":{"rendered":"<h1>QUELLES INFORMATIONS COLLECTONS-NOUS?<\/h1>\n<p>Nous recueillons des informations aupr\u00e8s de vous lorsque vous remplissez un formulaire.<\/p>\n<h2>Pourquoi utilisons-nous vos informations ?<\/h2>\n<p>Toutes les informations que nous recueillons aupr\u00e8s de vous peuvent \u00eatre utilis\u00e9es de l&rsquo;une des mani\u00e8res suivantes :<\/p>\n<ul>\n<li>Pour am\u00e9liorer notre site Web :<br \/>\nnous nous effor\u00e7ons continuellement d&rsquo;am\u00e9liorer les offres de notre site Web en fonction des informations et des commentaires que nous recevons de votre part<\/li>\n<li>Pour am\u00e9liorer le service client :<br \/>\nvos informations nous aident \u00e0 r\u00e9pondre plus efficacement \u00e0 vos demandes de service client et \u00e0 vos besoins d&rsquo;assistance<\/li>\n<li>Pour envoyer des e-mails p\u00e9riodiques :<br \/>\nl&rsquo;adresse e-mail que vous fournissez peut \u00eatre utilis\u00e9e pour vous envoyer des informations, r\u00e9pondre \u00e0 des demandes de renseignements et\/ou \u00e0 d&rsquo;autres demandes ou questions.<\/li>\n<\/ul>\n<h2>COMMENT PROT\u00c9GEONS-NOUS VOS INFORMATIONS?<\/h2>\n<p>Nous mettons en \u0153uvre une vari\u00e9t\u00e9 de mesures de s\u00e9curit\u00e9 pour maintenir la s\u00e9curit\u00e9 de vos informations personnelles lorsque vous entrez, soumettez ou acc\u00e9dez \u00e0 vos informations personnelles.<\/p>\n<h2>UTILISONS-NOUS DES COOKIES ?<\/h2>\n<p>Oui (les cookies sont de petits fichiers qu&rsquo;un site ou son fournisseur de services transf\u00e8re sur le disque dur de votre ordinateur via votre navigateur Web (si vous l&rsquo;autorisez) qui permet aux sites ou aux syst\u00e8mes des fournisseurs de services de reconna\u00eetre votre navigateur et de capturer et de m\u00e9moriser certaines informations<\/p>\n<p>Nous utilisons des cookies pour compiler des donn\u00e9es agr\u00e9g\u00e9es sur le trafic du site et l&rsquo;interaction du site afin que nous puissions offrir de meilleures exp\u00e9riences et outils sur le site \u00e0 l&rsquo;avenir. Nous pouvons conclure des contrats avec des fournisseurs de services tiers pour nous aider \u00e0 mieux comprendre les visiteurs de notre site. Ces prestataires de services ne sont pas autoris\u00e9s \u00e0 utiliser les informations collect\u00e9es en notre nom, sauf pour nous aider \u00e0 mener et \u00e0 am\u00e9liorer nos activit\u00e9s.<\/p>\n<h2>DIVULGUONS-NOUS DES INFORMATIONS \u00c0 DES PARTIES EXT\u00c9RIEURES ?<\/h2>\n<p>Nous ne vendons, n&rsquo;\u00e9changeons ni ne transf\u00e9rons autrement \u00e0 des tiers vos informations personnellement identifiables. Cela n&rsquo;inclut pas les tiers de confiance qui nous aident \u00e0 exploiter notre site Web, \u00e0 mener nos activit\u00e9s ou \u00e0 vous servir, tant que ces parties acceptent de garder ces informations confidentielles. Nous pouvons \u00e9galement divulguer vos informations lorsque nous pensons que la divulgation est appropri\u00e9e pour se conformer \u00e0 la loi, appliquer les politiques de notre site ou prot\u00e9ger nos droits, notre propri\u00e9t\u00e9 ou notre s\u00e9curit\u00e9 ou ceux d&rsquo;autrui. Cependant, des informations non personnellement identifiables sur les visiteurs peuvent \u00eatre fournies \u00e0 d&rsquo;autres parties \u00e0 des fins de marketing, de publicit\u00e9 ou \u00e0 d&rsquo;autres fins.<\/p>\n<h2>POLITIQUE DE CONFIDENTIALIT\u00c9 EN LIGNE UNIQUEMENT<\/h2>\n<p>Cette politique de confidentialit\u00e9 en ligne s&rsquo;applique uniquement aux informations collect\u00e9es via notre site Web et non aux informations collect\u00e9es hors ligne.<\/p>\n<h2>VOTRE CONSENTEMENT<\/h2>\n<p>En utilisant notre site, vous consentez \u00e0 la politique de confidentialit\u00e9 de notre site Web.<\/p>\n<h2>MODIFICATIONS DE NOTRE POLITIQUE DE CONFIDENTIALIT\u00c9<\/h2>\n<p>Si nous d\u00e9cidons de modifier notre politique de confidentialit\u00e9, nous publierons ces modifications sur cette page.<\/p>\n<h2>NOUS CONTACTER<\/h2>\n<p>Si vous avez des questions concernant cette politique de confidentialit\u00e9, vous pouvez nous contacter en utilisant les informations ci-dessous.<\/p>\n<div class=\"col-md-12\">\n<div class=\"main-content\">\n<p><a href=\"https:\/\/www.capitalwindowsottawa.com\/\">https:\/\/www.capitalwindowsottawa.com<\/a><br \/>\n2212 Gladwin Crescent<br \/>\nOttawa, Ontario K1B 5N1<br \/>\nCanada<br \/>\n<a href=\"mailto:contact@capitalwindowsottawa.com\">contact@capitalwindowsottawa.com<\/a><br \/>\n613.680.0492<\/p>\n<\/div>\n<\/div>\n","protected":false},"excerpt":{"rendered":"<p>QUELLES INFORMATIONS COLLECTONS-NOUS? Nous recueillons des informations aupr\u00e8s de vous lorsque vous remplissez un formulaire. Pourquoi utilisons-nous vos informations ? Toutes les informations que nous recueillons aupr\u00e8s de vous peuvent \u00eatre utilis\u00e9es de l&rsquo;une des mani\u00e8res suivantes : Pour am\u00e9liorer notre site Web : nous nous effor\u00e7ons continuellement d&rsquo;am\u00e9liorer les offres de notre site Web [&hellip;]<\/p>\n","protected":false},"author":1,"featured_media":0,"parent":0,"menu_order":0,"comment_status":"closed","ping_status":"closed","template":"","meta":{"_acf_changed":false,"footnotes":""},"class_list":["post-166","page","type-page","status-publish","hentry"],"acf":[],"yoast_head":"<!-- This site is optimized with the Yoast SEO plugin v27.3 - https:\/\/yoast.com\/product\/yoast-seo-wordpress\/ -->\n<title>Politique de confidentialit\u00e9 - Windows Capitall<\/title>\n<meta name=\"description\" content=\"Consultez la politique de confidentialit\u00e9 en ligne de Capitall Windows. Cette politique de confidentialit\u00e9 d\u00e9finit comment Capitall Windows utilise et prot\u00e8ge toutes les informations que vous fournissez.\" \/>\n<meta name=\"robots\" content=\"index, follow, max-snippet:-1, max-image-preview:large, max-video-preview:-1\" \/>\n<link rel=\"canonical\" href=\"https:\/\/www.capitalwindowsottawa.com\/fr\/politique-de-confidentialite\/\" \/>\n<meta property=\"og:locale\" content=\"fr_FR\" \/>\n<meta property=\"og:type\" content=\"article\" \/>\n<meta property=\"og:title\" content=\"Politique de confidentialit\u00e9 - Windows Capitall\" \/>\n<meta property=\"og:description\" content=\"Consultez la politique de confidentialit\u00e9 en ligne de Capitall Windows. Cette politique de confidentialit\u00e9 d\u00e9finit comment Capitall Windows utilise et prot\u00e8ge toutes les informations que vous fournissez.\" \/>\n<meta property=\"og:url\" content=\"https:\/\/www.capitalwindowsottawa.com\/fr\/politique-de-confidentialite\/\" \/>\n<meta property=\"og:site_name\" content=\"Capitall Windows\" \/>\n<meta property=\"article:modified_time\" content=\"2023-06-22T09:27:51+00:00\" \/>\n<meta name=\"twitter:card\" content=\"summary_large_image\" \/>\n<meta name=\"twitter:label1\" content=\"Dur\u00e9e de lecture estim\u00e9e\" \/>\n\t<meta name=\"twitter:data1\" content=\"3 minutes\" \/>\n<script type=\"application\/ld+json\" class=\"yoast-schema-graph\">{\"@context\":\"https:\\\/\\\/schema.org\",\"@graph\":[{\"@type\":\"WebPage\",\"@id\":\"https:\\\/\\\/www.capitalwindowsottawa.com\\\/fr\\\/politique-de-confidentialite\\\/\",\"url\":\"https:\\\/\\\/www.capitalwindowsottawa.com\\\/fr\\\/politique-de-confidentialite\\\/\",\"name\":\"Politique de confidentialit\u00e9 - Windows Capitall\",\"isPartOf\":{\"@id\":\"https:\\\/\\\/www.capitalwindowsottawa.com\\\/fr\\\/#website\"},\"datePublished\":\"2022-12-16T07:36:39+00:00\",\"dateModified\":\"2023-06-22T09:27:51+00:00\",\"description\":\"Consultez la politique de confidentialit\u00e9 en ligne de Capitall Windows. Cette politique de confidentialit\u00e9 d\u00e9finit comment Capitall Windows utilise et prot\u00e8ge toutes les informations que vous fournissez.\",\"breadcrumb\":{\"@id\":\"https:\\\/\\\/www.capitalwindowsottawa.com\\\/fr\\\/politique-de-confidentialite\\\/#breadcrumb\"},\"inLanguage\":\"fr-FR\",\"potentialAction\":[{\"@type\":\"ReadAction\",\"target\":[\"https:\\\/\\\/www.capitalwindowsottawa.com\\\/fr\\\/politique-de-confidentialite\\\/\"]}]},{\"@type\":\"BreadcrumbList\",\"@id\":\"https:\\\/\\\/www.capitalwindowsottawa.com\\\/fr\\\/politique-de-confidentialite\\\/#breadcrumb\",\"itemListElement\":[{\"@type\":\"ListItem\",\"position\":1,\"name\":\"Home\",\"item\":\"https:\\\/\\\/www.capitalwindowsottawa.com\\\/fr\\\/\"},{\"@type\":\"ListItem\",\"position\":2,\"name\":\"politique de confidentialite\"}]},{\"@type\":\"WebSite\",\"@id\":\"https:\\\/\\\/www.capitalwindowsottawa.com\\\/fr\\\/#website\",\"url\":\"https:\\\/\\\/www.capitalwindowsottawa.com\\\/fr\\\/\",\"name\":\"Capitall Windows\",\"description\":\"\",\"potentialAction\":[{\"@type\":\"SearchAction\",\"target\":{\"@type\":\"EntryPoint\",\"urlTemplate\":\"https:\\\/\\\/www.capitalwindowsottawa.com\\\/fr\\\/?s={search_term_string}\"},\"query-input\":{\"@type\":\"PropertyValueSpecification\",\"valueRequired\":true,\"valueName\":\"search_term_string\"}}],\"inLanguage\":\"fr-FR\"}]}<\/script>\n<!-- \/ Yoast SEO plugin. -->","yoast_head_json":{"title":"Politique de confidentialit\u00e9 - Windows Capitall","description":"Consultez la politique de confidentialit\u00e9 en ligne de Capitall Windows. Cette politique de confidentialit\u00e9 d\u00e9finit comment Capitall Windows utilise et prot\u00e8ge toutes les informations que vous fournissez.","robots":{"index":"index","follow":"follow","max-snippet":"max-snippet:-1","max-image-preview":"max-image-preview:large","max-video-preview":"max-video-preview:-1"},"canonical":"https:\/\/www.capitalwindowsottawa.com\/fr\/politique-de-confidentialite\/","og_locale":"fr_FR","og_type":"article","og_title":"Politique de confidentialit\u00e9 - Windows Capitall","og_description":"Consultez la politique de confidentialit\u00e9 en ligne de Capitall Windows. Cette politique de confidentialit\u00e9 d\u00e9finit comment Capitall Windows utilise et prot\u00e8ge toutes les informations que vous fournissez.","og_url":"https:\/\/www.capitalwindowsottawa.com\/fr\/politique-de-confidentialite\/","og_site_name":"Capitall Windows","article_modified_time":"2023-06-22T09:27:51+00:00","twitter_card":"summary_large_image","twitter_misc":{"Dur\u00e9e de lecture estim\u00e9e":"3 minutes"},"schema":{"@context":"https:\/\/schema.org","@graph":[{"@type":"WebPage","@id":"https:\/\/www.capitalwindowsottawa.com\/fr\/politique-de-confidentialite\/","url":"https:\/\/www.capitalwindowsottawa.com\/fr\/politique-de-confidentialite\/","name":"Politique de confidentialit\u00e9 - Windows Capitall","isPartOf":{"@id":"https:\/\/www.capitalwindowsottawa.com\/fr\/#website"},"datePublished":"2022-12-16T07:36:39+00:00","dateModified":"2023-06-22T09:27:51+00:00","description":"Consultez la politique de confidentialit\u00e9 en ligne de Capitall Windows. Cette politique de confidentialit\u00e9 d\u00e9finit comment Capitall Windows utilise et prot\u00e8ge toutes les informations que vous fournissez.","breadcrumb":{"@id":"https:\/\/www.capitalwindowsottawa.com\/fr\/politique-de-confidentialite\/#breadcrumb"},"inLanguage":"fr-FR","potentialAction":[{"@type":"ReadAction","target":["https:\/\/www.capitalwindowsottawa.com\/fr\/politique-de-confidentialite\/"]}]},{"@type":"BreadcrumbList","@id":"https:\/\/www.capitalwindowsottawa.com\/fr\/politique-de-confidentialite\/#breadcrumb","itemListElement":[{"@type":"ListItem","position":1,"name":"Home","item":"https:\/\/www.capitalwindowsottawa.com\/fr\/"},{"@type":"ListItem","position":2,"name":"politique de confidentialite"}]},{"@type":"WebSite","@id":"https:\/\/www.capitalwindowsottawa.com\/fr\/#website","url":"https:\/\/www.capitalwindowsottawa.com\/fr\/","name":"Capitall Windows","description":"","potentialAction":[{"@type":"SearchAction","target":{"@type":"EntryPoint","urlTemplate":"https:\/\/www.capitalwindowsottawa.com\/fr\/?s={search_term_string}"},"query-input":{"@type":"PropertyValueSpecification","valueRequired":true,"valueName":"search_term_string"}}],"inLanguage":"fr-FR"}]}},"_links":{"self":[{"href":"https:\/\/www.capitalwindowsottawa.com\/fr\/wp-json\/wp\/v2\/pages\/166","targetHints":{"allow":["GET"]}}],"collection":[{"href":"https:\/\/www.capitalwindowsottawa.com\/fr\/wp-json\/wp\/v2\/pages"}],"about":[{"href":"https:\/\/www.capitalwindowsottawa.com\/fr\/wp-json\/wp\/v2\/types\/page"}],"author":[{"embeddable":true,"href":"https:\/\/www.capitalwindowsottawa.com\/fr\/wp-json\/wp\/v2\/users\/1"}],"replies":[{"embeddable":true,"href":"https:\/\/www.capitalwindowsottawa.com\/fr\/wp-json\/wp\/v2\/comments?post=166"}],"version-history":[{"count":5,"href":"https:\/\/www.capitalwindowsottawa.com\/fr\/wp-json\/wp\/v2\/pages\/166\/revisions"}],"predecessor-version":[{"id":1453,"href":"https:\/\/www.capitalwindowsottawa.com\/fr\/wp-json\/wp\/v2\/pages\/166\/revisions\/1453"}],"wp:attachment":[{"href":"https:\/\/www.capitalwindowsottawa.com\/fr\/wp-json\/wp\/v2\/media?parent=166"}],"curies":[{"name":"wp","href":"https:\/\/api.w.org\/{rel}","templated":true}]}}