{"id":171,"date":"2022-12-16T12:54:40","date_gmt":"2022-12-16T12:54:40","guid":{"rendered":"https:\/\/www.capitalwindowsottawa.com\/?page_id=171"},"modified":"2023-06-22T09:21:02","modified_gmt":"2023-06-22T09:21:02","slug":"garantie","status":"publish","type":"page","link":"https:\/\/www.capitalwindowsottawa.com\/fr\/garantie\/","title":{"rendered":""},"content":{"rendered":"<h1>Garantie<\/h1>\n<p>Il y a beaucoup de bons fabricants de portes et fen\u00eatres sur le march\u00e9 actuellement. Malheureusement, la majorit\u00e9 d\u2019entre eux n\u2019ont absolument aucun contr\u00f4le sur la mani\u00e8re dont leurs produits sont install\u00e9s, car ils vendent leurs produits \u00e0 des r\u00e9novateurs ou \u00e0 des entrepreneurs en installation qui peuvent savoir, ou pas, comment remplacer correctement les portes et les fen\u00eatres en vinyle, dans la r\u00e9gion d\u2019Ottawa. M\u00eame les nouvelles fen\u00eatres et les nouvelles portes de la meilleure qualit\u00e9 ne fonctionneront pas de mani\u00e8re optimale si elles sont mal install\u00e9es. De plus, si l\u2019entrepreneur avec qui vous faites affaires devait cesser ses activit\u00e9s apr\u00e8s avoir pos\u00e9 vos portes ou vos fen\u00eatres, vous perdriez votre garantie d\u2019installation. Avec Capitall Windows, pas de tels soucis. Nous sommes l\u00e0 pour vous du d\u00e9but jusqu\u2019\u00e0 la fin, et m\u00eame au-del\u00e0.<\/p>\n<ul>\n<li>Les cadres et les ch\u00e2ssis de fen\u00eatres en UPVC rigide sont garantis \u00e0 vie contre tout d\u00e9faut de mat\u00e9riau \u00e0 compter de la date d\u2019installation.<\/li>\n<li>Toute la quincaillerie est garantie \u00e0 vie contre les d\u00e9fectuosit\u00e9s.<\/li>\n<li>La fabrication de tous les produits de fen\u00eatres et de portes Capitall Windows est garantie \u00e0 vie, \u00e0 compter de la date d\u2019installation.<\/li>\n<li>Les vitres \u00e0 bords thermiques isol\u00e9s sont garanties \u00e0 vie contre les d\u00e9fectuosit\u00e9s des joints.<\/li>\n<li>Cette garantie sera annul\u00e9e si les produits ne sont pas install\u00e9s conform\u00e9ment \u00e0 nos instructions ou s\u2019ils sont endommag\u00e9s lors de l\u2019installation.<\/li>\n<li>Cette garantie ne couvre aucun dommage de quelque nature que ce soit caus\u00e9 par une mauvaise utilisation, un abus ou une n\u00e9gligence, un incendie ou un cas de force majeure.<\/li>\n<li>Capitall Windows inc. accepte de r\u00e9parer ou de remplacer gratuitement, sans franchise, toute pi\u00e8ce jug\u00e9e d\u00e9fectueuse.<\/li>\n<li>Cette garantie est enti\u00e8rement transf\u00e9rable.<\/li>\n<\/ul>\n<p>&nbsp;<\/p>\n<h2>CONDITIONS<\/h2>\n<p>LES PARTIES CONVIENNENT DE QUI SUIT :<\/p>\n<ul>\n<li>La propri\u00e9t\u00e9 desdits biens demeurera celle du Vendeur, aux risques et p\u00e9rils de l\u2019Acheteur, jusqu\u2019au paiement int\u00e9gral du prix d\u2019achat et des int\u00e9r\u00eats, tel que pr\u00e9vu aux pr\u00e9sentes, ainsi que jusqu\u2019\u00e0 ce que toutes les sommes dues au titre des pr\u00e9sentes ou de tout renouvellement ou prolongation des pr\u00e9sentes, ou \u00e0 l\u2019\u00e9gard dudit billet ou de tout jugement rendu eu \u00e9gard audit billet ou contrat aient \u00e9t\u00e9 pay\u00e9s. Lesdits biens doivent \u00eatre conserv\u00e9s \u00e0 l\u2019adresse susmentionn\u00e9e de l\u2019Acheteur et ne doivent pas \u00eatre retir\u00e9s sans le consentement du Vendeur, et l\u2019Acheteur ne doit pas vendre ou transf\u00e9rer un int\u00e9r\u00eat dans le bien ou le contrat tant que le prix d\u2019achat n\u2019a pas \u00e9t\u00e9 int\u00e9gralement pay\u00e9.<\/li>\n<li>La livraison et l\u2019installation doivent \u00eatre effectu\u00e9es d\u00e8s que possible et le Vendeur ne pourra \u00eatre tenu responsable du non-respect de cette entente, en tout ou en partie, s\u2019il en est emp\u00each\u00e9 par des cas fortuits, des ennemis publics, des temp\u00eates, des incendies, des gr\u00e8ves, des boycotts, des accidents in\u00e9vitables, des embargos, une p\u00e9nurie de main-d\u2019\u0153uvre, des r\u00e8glements d\u2019urgence ou d\u2019autres causes ind\u00e9pendantes de sa volont\u00e9.<\/li>\n<li>Aucuns travaux et aucune modification ne doivent \u00eatre effectu\u00e9s sur les biens, \u00e0 moins que cela ne soit sp\u00e9cifi\u00e9 et indiqu\u00e9 dans le pr\u00e9sent contrat.<\/li>\n<li>Lesdits biens doivent demeurer des biens meubles ou personnels et ne doivent pas \u00eatre consid\u00e9r\u00e9s comme faisant partie de biens immobiliers, m\u00eame s\u2019ils y sont appos\u00e9s ou attach\u00e9s, et qu\u2019ils soient ou non plac\u00e9s sur une fondation permanente.<\/li>\n<li>L\u2019acceptation, par le Vendeur, de tout renouvellement ou de tout billet garantissant le recouvrement de tout jugement \u00e0 l\u2019encontre de l\u2019Acheteur n\u2019affectera en rien les droits du Vendeur lui permettant de reprendre possession et de vendre les biens, et la perte ou la destruction des biens ne dispensera pas l\u2019Acheteur de son obligation de paiement int\u00e9gral.<\/li>\n<li>Les d\u00e9lais sont de rigueur dans le pr\u00e9sent contrat et si l\u2019Acheteur fait d\u00e9faut de faire un paiement en vertu des pr\u00e9sentes ou enfreint l\u2019une de ses conditions, fait faillite ou devient insolvable, ou vend ou c\u00e8de lesdits biens contrairement aux dispositions du pr\u00e9sent contrat, tous les acomptes deviennent imm\u00e9diatement exigibles et le Vendeur peut imm\u00e9diatement prendre possession desdits biens, ainsi que de tout accessoire ajout\u00e9 \u00e0 ceux-ci aux termes des pr\u00e9sentes, sans proc\u00e9dure judiciaire, et peut, \u00e0 cette fin, acc\u00e9der \u00e0 n\u2019importe quel endroit, avec notification, et il ne sera pas responsable des dommages y aff\u00e9rents.<\/li>\n<li>Le Vendeur peut conserver lesdits biens et conserver toutes les sommes vers\u00e9es \u00e0 titre de dommages-int\u00e9r\u00eats liquid\u00e9s et non \u00e0 titre de p\u00e9nalit\u00e9, ou peut vendre lesdits biens lors d\u2019une vente publique ou priv\u00e9e, tout surplus \u00e9ventuel devant \u00eatre pay\u00e9 \u00e0 l\u2019Acheteur et en cas de d\u00e9ficience, l\u2019Acheteur est tenu de combler ladite d\u00e9ficience.<\/li>\n<li>L\u2019Acheteur est responsable de tous les frais de recouvrement et autres frais occasionn\u00e9s par un retard de paiement.<\/li>\n<li>Toutes les garanties et conditions expresses ou implicites concernant les biens vendus en vertu du pr\u00e9sent contrat sont d\u00e9finies dans le contrat et les parties, par leur signature, excluent express\u00e9ment les dispositions de la Loi sur la vente d\u2019objets, LRO 1980 telle qu\u2019amend\u00e9e, et toute autre loi provinciale ou nationale pouvant \u00eatre exclue du pr\u00e9sent contrat et cette clause peut \u00eatre invoqu\u00e9e en tant que pr\u00e9clusion par le Vendeur.<\/li>\n<li>L\u2019Acheteur peut mettre fin au pr\u00e9sent contrat en envoyant un avis de r\u00e9siliation par \u00e9crit au Vendeur \u00e0 son si\u00e8ge social ou en envoyant une lettre recommand\u00e9e \u00e0 cette adresse, au plus tard 10 jours apr\u00e8s la r\u00e9ception du duplicata du pr\u00e9sent contrat, le cachet de la poste en faisant foi, en pr\u00e9cisant que l\u2019Acheteur souhaite r\u00e9silier le pr\u00e9sent contrat. Les appels t\u00e9l\u00e9phoniques ne seront pas consid\u00e9r\u00e9s comme un avis de r\u00e9siliation.<\/li>\n<li>Le pr\u00e9sent contrat, apr\u00e8s son acceptation par le Vendeur, ne peut \u00eatre r\u00e9sili\u00e9 par l\u2019Acheteur au-del\u00e0 de la p\u00e9riode pr\u00e9vue par la Loi sur la protection du consommateur.<\/li>\n<li>L\u2019Acheteur est responsable du prix contractuel int\u00e9gral, que l\u2019Acheteur accepte ou non la livraison desdits biens. L\u2019Acheteur accuse r\u00e9ception de la copie conforme aux pr\u00e9sentes.<\/li>\n<\/ul>\n","protected":false},"excerpt":{"rendered":"<p>Garantie Il y a beaucoup de bons fabricants de portes et fen\u00eatres sur le march\u00e9 actuellement. Malheureusement, la majorit\u00e9 d\u2019entre eux n\u2019ont absolument aucun contr\u00f4le sur la mani\u00e8re dont leurs produits sont install\u00e9s, car ils vendent leurs produits \u00e0 des r\u00e9novateurs ou \u00e0 des entrepreneurs en installation qui peuvent savoir, ou pas, comment remplacer correctement [&hellip;]<\/p>\n","protected":false},"author":1,"featured_media":0,"parent":0,"menu_order":0,"comment_status":"closed","ping_status":"closed","template":"","meta":{"_acf_changed":false,"footnotes":""},"class_list":["post-171","page","type-page","status-publish","hentry"],"acf":[],"yoast_head":"<!-- This site is optimized with the Yoast SEO plugin v27.3 - https:\/\/yoast.com\/product\/yoast-seo-wordpress\/ -->\n<title>Garantie portes et fen\u00eatres Ottawa | Fen\u00eatres capitales<\/title>\n<meta name=\"description\" content=\"Trouvez les informations sur la garantie et les conditions de la soci\u00e9t\u00e9 d&#039;installation de portes et fen\u00eatres d&#039;Ottawa ici.\" \/>\n<meta name=\"robots\" content=\"index, follow, max-snippet:-1, max-image-preview:large, max-video-preview:-1\" \/>\n<link rel=\"canonical\" href=\"https:\/\/www.capitalwindowsottawa.com\/fr\/garantie\/\" \/>\n<meta property=\"og:locale\" content=\"fr_FR\" \/>\n<meta property=\"og:type\" content=\"article\" \/>\n<meta property=\"og:title\" content=\"Garantie portes et fen\u00eatres Ottawa | Fen\u00eatres capitales\" \/>\n<meta property=\"og:description\" content=\"Trouvez les informations sur la garantie et les conditions de la soci\u00e9t\u00e9 d&#039;installation de portes et fen\u00eatres d&#039;Ottawa ici.\" \/>\n<meta property=\"og:url\" content=\"https:\/\/www.capitalwindowsottawa.com\/fr\/garantie\/\" \/>\n<meta property=\"og:site_name\" content=\"Capitall Windows\" \/>\n<meta property=\"article:modified_time\" content=\"2023-06-22T09:21:02+00:00\" \/>\n<meta name=\"twitter:card\" content=\"summary_large_image\" \/>\n<meta name=\"twitter:label1\" content=\"Dur\u00e9e de lecture estim\u00e9e\" \/>\n\t<meta name=\"twitter:data1\" content=\"5 minutes\" \/>\n<script type=\"application\/ld+json\" class=\"yoast-schema-graph\">{\"@context\":\"https:\\\/\\\/schema.org\",\"@graph\":[{\"@type\":\"WebPage\",\"@id\":\"https:\\\/\\\/www.capitalwindowsottawa.com\\\/fr\\\/garantie\\\/\",\"url\":\"https:\\\/\\\/www.capitalwindowsottawa.com\\\/fr\\\/garantie\\\/\",\"name\":\"Garantie portes et fen\u00eatres Ottawa | Fen\u00eatres capitales\",\"isPartOf\":{\"@id\":\"https:\\\/\\\/www.capitalwindowsottawa.com\\\/fr\\\/#website\"},\"datePublished\":\"2022-12-16T12:54:40+00:00\",\"dateModified\":\"2023-06-22T09:21:02+00:00\",\"description\":\"Trouvez les informations sur la garantie et les conditions de la soci\u00e9t\u00e9 d'installation de portes et fen\u00eatres d'Ottawa ici.\",\"inLanguage\":\"fr-FR\",\"potentialAction\":[{\"@type\":\"ReadAction\",\"target\":[\"https:\\\/\\\/www.capitalwindowsottawa.com\\\/fr\\\/garantie\\\/\"]}]},{\"@type\":\"WebSite\",\"@id\":\"https:\\\/\\\/www.capitalwindowsottawa.com\\\/fr\\\/#website\",\"url\":\"https:\\\/\\\/www.capitalwindowsottawa.com\\\/fr\\\/\",\"name\":\"Capitall Windows\",\"description\":\"\",\"potentialAction\":[{\"@type\":\"SearchAction\",\"target\":{\"@type\":\"EntryPoint\",\"urlTemplate\":\"https:\\\/\\\/www.capitalwindowsottawa.com\\\/fr\\\/?s={search_term_string}\"},\"query-input\":{\"@type\":\"PropertyValueSpecification\",\"valueRequired\":true,\"valueName\":\"search_term_string\"}}],\"inLanguage\":\"fr-FR\"}]}<\/script>\n<!-- \/ Yoast SEO plugin. -->","yoast_head_json":{"title":"Garantie portes et fen\u00eatres Ottawa | Fen\u00eatres capitales","description":"Trouvez les informations sur la garantie et les conditions de la soci\u00e9t\u00e9 d'installation de portes et fen\u00eatres d'Ottawa ici.","robots":{"index":"index","follow":"follow","max-snippet":"max-snippet:-1","max-image-preview":"max-image-preview:large","max-video-preview":"max-video-preview:-1"},"canonical":"https:\/\/www.capitalwindowsottawa.com\/fr\/garantie\/","og_locale":"fr_FR","og_type":"article","og_title":"Garantie portes et fen\u00eatres Ottawa | Fen\u00eatres capitales","og_description":"Trouvez les informations sur la garantie et les conditions de la soci\u00e9t\u00e9 d'installation de portes et fen\u00eatres d'Ottawa ici.","og_url":"https:\/\/www.capitalwindowsottawa.com\/fr\/garantie\/","og_site_name":"Capitall Windows","article_modified_time":"2023-06-22T09:21:02+00:00","twitter_card":"summary_large_image","twitter_misc":{"Dur\u00e9e de lecture estim\u00e9e":"5 minutes"},"schema":{"@context":"https:\/\/schema.org","@graph":[{"@type":"WebPage","@id":"https:\/\/www.capitalwindowsottawa.com\/fr\/garantie\/","url":"https:\/\/www.capitalwindowsottawa.com\/fr\/garantie\/","name":"Garantie portes et fen\u00eatres Ottawa | Fen\u00eatres capitales","isPartOf":{"@id":"https:\/\/www.capitalwindowsottawa.com\/fr\/#website"},"datePublished":"2022-12-16T12:54:40+00:00","dateModified":"2023-06-22T09:21:02+00:00","description":"Trouvez les informations sur la garantie et les conditions de la soci\u00e9t\u00e9 d'installation de portes et fen\u00eatres d'Ottawa ici.","inLanguage":"fr-FR","potentialAction":[{"@type":"ReadAction","target":["https:\/\/www.capitalwindowsottawa.com\/fr\/garantie\/"]}]},{"@type":"WebSite","@id":"https:\/\/www.capitalwindowsottawa.com\/fr\/#website","url":"https:\/\/www.capitalwindowsottawa.com\/fr\/","name":"Capitall Windows","description":"","potentialAction":[{"@type":"SearchAction","target":{"@type":"EntryPoint","urlTemplate":"https:\/\/www.capitalwindowsottawa.com\/fr\/?s={search_term_string}"},"query-input":{"@type":"PropertyValueSpecification","valueRequired":true,"valueName":"search_term_string"}}],"inLanguage":"fr-FR"}]}},"_links":{"self":[{"href":"https:\/\/www.capitalwindowsottawa.com\/fr\/wp-json\/wp\/v2\/pages\/171","targetHints":{"allow":["GET"]}}],"collection":[{"href":"https:\/\/www.capitalwindowsottawa.com\/fr\/wp-json\/wp\/v2\/pages"}],"about":[{"href":"https:\/\/www.capitalwindowsottawa.com\/fr\/wp-json\/wp\/v2\/types\/page"}],"author":[{"embeddable":true,"href":"https:\/\/www.capitalwindowsottawa.com\/fr\/wp-json\/wp\/v2\/users\/1"}],"replies":[{"embeddable":true,"href":"https:\/\/www.capitalwindowsottawa.com\/fr\/wp-json\/wp\/v2\/comments?post=171"}],"version-history":[{"count":4,"href":"https:\/\/www.capitalwindowsottawa.com\/fr\/wp-json\/wp\/v2\/pages\/171\/revisions"}],"predecessor-version":[{"id":1449,"href":"https:\/\/www.capitalwindowsottawa.com\/fr\/wp-json\/wp\/v2\/pages\/171\/revisions\/1449"}],"wp:attachment":[{"href":"https:\/\/www.capitalwindowsottawa.com\/fr\/wp-json\/wp\/v2\/media?parent=171"}],"curies":[{"name":"wp","href":"https:\/\/api.w.org\/{rel}","templated":true}]}}