{"id":176,"date":"2022-12-16T12:57:30","date_gmt":"2022-12-16T12:57:30","guid":{"rendered":"https:\/\/www.capitalwindowsottawa.com\/?page_id=176"},"modified":"2023-06-22T09:29:12","modified_gmt":"2023-06-22T09:29:12","slug":"temoignages","status":"publish","type":"page","link":"https:\/\/www.capitalwindowsottawa.com\/fr\/temoignages\/","title":{"rendered":""},"content":{"rendered":"<h1>Temoignages<\/h1>\n","protected":false},"excerpt":{"rendered":"<p>Temoignages<\/p>\n","protected":false},"author":1,"featured_media":0,"parent":0,"menu_order":0,"comment_status":"closed","ping_status":"closed","template":"templates\/tpl-testimonial.php","meta":{"_acf_changed":false,"footnotes":""},"class_list":["post-176","page","type-page","status-publish","hentry"],"acf":[],"yoast_head":"<!-- This site is optimized with the Yoast SEO plugin v27.3 - https:\/\/yoast.com\/product\/yoast-seo-wordpress\/ -->\n<title>T\u00e9moignages de Windows Capitall - \u00c9crivez votre propre avis<\/title>\n<meta name=\"description\" content=\"D\u00e9couvrez les t\u00e9moignages de Windows Capitall. \u00c9crivez \u00e9galement un avis sur Doors &amp; Window Installation Company \u00e0 Ottawa.\" \/>\n<meta name=\"robots\" content=\"index, follow, max-snippet:-1, max-image-preview:large, max-video-preview:-1\" \/>\n<link rel=\"canonical\" href=\"https:\/\/www.capitalwindowsottawa.com\/fr\/temoignages\/\" \/>\n<meta property=\"og:locale\" content=\"fr_FR\" \/>\n<meta property=\"og:type\" content=\"article\" \/>\n<meta property=\"og:title\" content=\"T\u00e9moignages de Windows Capitall - \u00c9crivez votre propre avis\" \/>\n<meta property=\"og:description\" content=\"D\u00e9couvrez les t\u00e9moignages de Windows Capitall. \u00c9crivez \u00e9galement un avis sur Doors &amp; Window Installation Company \u00e0 Ottawa.\" \/>\n<meta property=\"og:url\" content=\"https:\/\/www.capitalwindowsottawa.com\/fr\/temoignages\/\" \/>\n<meta property=\"og:site_name\" content=\"Capitall Windows\" \/>\n<meta property=\"article:modified_time\" content=\"2023-06-22T09:29:12+00:00\" \/>\n<meta name=\"twitter:card\" content=\"summary_large_image\" \/>\n<meta name=\"twitter:label1\" content=\"Dur\u00e9e de lecture estim\u00e9e\" \/>\n\t<meta name=\"twitter:data1\" content=\"1 minute\" \/>\n<script type=\"application\/ld+json\" class=\"yoast-schema-graph\">{\"@context\":\"https:\\\/\\\/schema.org\",\"@graph\":[{\"@type\":\"WebPage\",\"@id\":\"https:\\\/\\\/www.capitalwindowsottawa.com\\\/fr\\\/temoignages\\\/\",\"url\":\"https:\\\/\\\/www.capitalwindowsottawa.com\\\/fr\\\/temoignages\\\/\",\"name\":\"T\u00e9moignages de Windows Capitall - \u00c9crivez votre propre avis\",\"isPartOf\":{\"@id\":\"https:\\\/\\\/www.capitalwindowsottawa.com\\\/fr\\\/#website\"},\"datePublished\":\"2022-12-16T12:57:30+00:00\",\"dateModified\":\"2023-06-22T09:29:12+00:00\",\"description\":\"D\u00e9couvrez les t\u00e9moignages de Windows Capitall. \u00c9crivez \u00e9galement un avis sur Doors & Window Installation Company \u00e0 Ottawa.\",\"inLanguage\":\"fr-FR\",\"potentialAction\":[{\"@type\":\"ReadAction\",\"target\":[\"https:\\\/\\\/www.capitalwindowsottawa.com\\\/fr\\\/temoignages\\\/\"]}]},{\"@type\":\"WebSite\",\"@id\":\"https:\\\/\\\/www.capitalwindowsottawa.com\\\/fr\\\/#website\",\"url\":\"https:\\\/\\\/www.capitalwindowsottawa.com\\\/fr\\\/\",\"name\":\"Capitall Windows\",\"description\":\"\",\"potentialAction\":[{\"@type\":\"SearchAction\",\"target\":{\"@type\":\"EntryPoint\",\"urlTemplate\":\"https:\\\/\\\/www.capitalwindowsottawa.com\\\/fr\\\/?s={search_term_string}\"},\"query-input\":{\"@type\":\"PropertyValueSpecification\",\"valueRequired\":true,\"valueName\":\"search_term_string\"}}],\"inLanguage\":\"fr-FR\"}]}<\/script>\n<!-- \/ Yoast SEO plugin. -->","yoast_head_json":{"title":"T\u00e9moignages de Windows Capitall - \u00c9crivez votre propre avis","description":"D\u00e9couvrez les t\u00e9moignages de Windows Capitall. \u00c9crivez \u00e9galement un avis sur Doors & Window Installation Company \u00e0 Ottawa.","robots":{"index":"index","follow":"follow","max-snippet":"max-snippet:-1","max-image-preview":"max-image-preview:large","max-video-preview":"max-video-preview:-1"},"canonical":"https:\/\/www.capitalwindowsottawa.com\/fr\/temoignages\/","og_locale":"fr_FR","og_type":"article","og_title":"T\u00e9moignages de Windows Capitall - \u00c9crivez votre propre avis","og_description":"D\u00e9couvrez les t\u00e9moignages de Windows Capitall. \u00c9crivez \u00e9galement un avis sur Doors & Window Installation Company \u00e0 Ottawa.","og_url":"https:\/\/www.capitalwindowsottawa.com\/fr\/temoignages\/","og_site_name":"Capitall Windows","article_modified_time":"2023-06-22T09:29:12+00:00","twitter_card":"summary_large_image","twitter_misc":{"Dur\u00e9e de lecture estim\u00e9e":"1 minute"},"schema":{"@context":"https:\/\/schema.org","@graph":[{"@type":"WebPage","@id":"https:\/\/www.capitalwindowsottawa.com\/fr\/temoignages\/","url":"https:\/\/www.capitalwindowsottawa.com\/fr\/temoignages\/","name":"T\u00e9moignages de Windows Capitall - \u00c9crivez votre propre avis","isPartOf":{"@id":"https:\/\/www.capitalwindowsottawa.com\/fr\/#website"},"datePublished":"2022-12-16T12:57:30+00:00","dateModified":"2023-06-22T09:29:12+00:00","description":"D\u00e9couvrez les t\u00e9moignages de Windows Capitall. \u00c9crivez \u00e9galement un avis sur Doors & Window Installation Company \u00e0 Ottawa.","inLanguage":"fr-FR","potentialAction":[{"@type":"ReadAction","target":["https:\/\/www.capitalwindowsottawa.com\/fr\/temoignages\/"]}]},{"@type":"WebSite","@id":"https:\/\/www.capitalwindowsottawa.com\/fr\/#website","url":"https:\/\/www.capitalwindowsottawa.com\/fr\/","name":"Capitall Windows","description":"","potentialAction":[{"@type":"SearchAction","target":{"@type":"EntryPoint","urlTemplate":"https:\/\/www.capitalwindowsottawa.com\/fr\/?s={search_term_string}"},"query-input":{"@type":"PropertyValueSpecification","valueRequired":true,"valueName":"search_term_string"}}],"inLanguage":"fr-FR"}]}},"_links":{"self":[{"href":"https:\/\/www.capitalwindowsottawa.com\/fr\/wp-json\/wp\/v2\/pages\/176","targetHints":{"allow":["GET"]}}],"collection":[{"href":"https:\/\/www.capitalwindowsottawa.com\/fr\/wp-json\/wp\/v2\/pages"}],"about":[{"href":"https:\/\/www.capitalwindowsottawa.com\/fr\/wp-json\/wp\/v2\/types\/page"}],"author":[{"embeddable":true,"href":"https:\/\/www.capitalwindowsottawa.com\/fr\/wp-json\/wp\/v2\/users\/1"}],"replies":[{"embeddable":true,"href":"https:\/\/www.capitalwindowsottawa.com\/fr\/wp-json\/wp\/v2\/comments?post=176"}],"version-history":[{"count":3,"href":"https:\/\/www.capitalwindowsottawa.com\/fr\/wp-json\/wp\/v2\/pages\/176\/revisions"}],"predecessor-version":[{"id":1455,"href":"https:\/\/www.capitalwindowsottawa.com\/fr\/wp-json\/wp\/v2\/pages\/176\/revisions\/1455"}],"wp:attachment":[{"href":"https:\/\/www.capitalwindowsottawa.com\/fr\/wp-json\/wp\/v2\/media?parent=176"}],"curies":[{"name":"wp","href":"https:\/\/api.w.org\/{rel}","templated":true}]}}