{"id":542,"date":"2022-12-21T15:14:57","date_gmt":"2022-12-21T15:14:57","guid":{"rendered":"https:\/\/www.capitalwindowsottawa.com\/?page_id=542"},"modified":"2023-02-16T11:24:35","modified_gmt":"2023-02-16T11:24:35","slug":"contre-porte-gatineau-ottawa","status":"publish","type":"page","link":"https:\/\/www.capitalwindowsottawa.com\/fr\/contre-porte-gatineau-ottawa\/","title":{"rendered":"CONTRE-PORTE"},"content":{"rendered":"","protected":false},"excerpt":{"rendered":"","protected":false},"author":1,"featured_media":0,"parent":0,"menu_order":0,"comment_status":"closed","ping_status":"closed","template":"templates\/section-block.php","meta":{"_acf_changed":false,"footnotes":""},"class_list":["post-542","page","type-page","status-publish","hentry"],"acf":[],"yoast_head":"<!-- This site is optimized with the Yoast SEO plugin v27.3 - https:\/\/yoast.com\/product\/yoast-seo-wordpress\/ -->\n<title>Contre Porte Gatineau Ottawa - Capitall Windows<\/title>\n<meta name=\"description\" content=\"Les fen\u00eatres Capitall offrent Storm Door \u00e0 Ottawa dans une vari\u00e9t\u00e9 et des designs de portes de qualit\u00e9 sup\u00e9rieure avec une \u00e9quipe de professionnels. Appelez-nous au 613-680-0492 pour obtenir un devis gratuit.\" \/>\n<meta name=\"robots\" content=\"index, follow, max-snippet:-1, max-image-preview:large, max-video-preview:-1\" \/>\n<link rel=\"canonical\" href=\"https:\/\/www.capitalwindowsottawa.com\/fr\/contre-porte-gatineau-ottawa\/\" \/>\n<meta property=\"og:locale\" content=\"fr_FR\" \/>\n<meta property=\"og:type\" content=\"article\" \/>\n<meta property=\"og:title\" content=\"Contre Porte Gatineau Ottawa - Capitall Windows\" \/>\n<meta property=\"og:description\" content=\"Les fen\u00eatres Capitall offrent Storm Door \u00e0 Ottawa dans une vari\u00e9t\u00e9 et des designs de portes de qualit\u00e9 sup\u00e9rieure avec une \u00e9quipe de professionnels. Appelez-nous au 613-680-0492 pour obtenir un devis gratuit.\" \/>\n<meta property=\"og:url\" content=\"https:\/\/www.capitalwindowsottawa.com\/fr\/contre-porte-gatineau-ottawa\/\" \/>\n<meta property=\"og:site_name\" content=\"Capitall Windows\" \/>\n<meta property=\"article:modified_time\" content=\"2023-02-16T11:24:35+00:00\" \/>\n<meta name=\"twitter:card\" content=\"summary_large_image\" \/>\n<script type=\"application\/ld+json\" class=\"yoast-schema-graph\">{\"@context\":\"https:\\\/\\\/schema.org\",\"@graph\":[{\"@type\":\"WebPage\",\"@id\":\"https:\\\/\\\/www.capitalwindowsottawa.com\\\/fr\\\/contre-porte-gatineau-ottawa\\\/\",\"url\":\"https:\\\/\\\/www.capitalwindowsottawa.com\\\/fr\\\/contre-porte-gatineau-ottawa\\\/\",\"name\":\"Contre Porte Gatineau Ottawa - Capitall Windows\",\"isPartOf\":{\"@id\":\"https:\\\/\\\/www.capitalwindowsottawa.com\\\/fr\\\/#website\"},\"datePublished\":\"2022-12-21T15:14:57+00:00\",\"dateModified\":\"2023-02-16T11:24:35+00:00\",\"description\":\"Les fen\u00eatres Capitall offrent Storm Door \u00e0 Ottawa dans une vari\u00e9t\u00e9 et des designs de portes de qualit\u00e9 sup\u00e9rieure avec une \u00e9quipe de professionnels. Appelez-nous au 613-680-0492 pour obtenir un devis gratuit.\",\"breadcrumb\":{\"@id\":\"https:\\\/\\\/www.capitalwindowsottawa.com\\\/fr\\\/contre-porte-gatineau-ottawa\\\/#breadcrumb\"},\"inLanguage\":\"fr-FR\",\"potentialAction\":[{\"@type\":\"ReadAction\",\"target\":[\"https:\\\/\\\/www.capitalwindowsottawa.com\\\/fr\\\/contre-porte-gatineau-ottawa\\\/\"]}]},{\"@type\":\"BreadcrumbList\",\"@id\":\"https:\\\/\\\/www.capitalwindowsottawa.com\\\/fr\\\/contre-porte-gatineau-ottawa\\\/#breadcrumb\",\"itemListElement\":[{\"@type\":\"ListItem\",\"position\":1,\"name\":\"Home\",\"item\":\"https:\\\/\\\/www.capitalwindowsottawa.com\\\/fr\\\/\"},{\"@type\":\"ListItem\",\"position\":2,\"name\":\"CONTRE-PORTE\"}]},{\"@type\":\"WebSite\",\"@id\":\"https:\\\/\\\/www.capitalwindowsottawa.com\\\/fr\\\/#website\",\"url\":\"https:\\\/\\\/www.capitalwindowsottawa.com\\\/fr\\\/\",\"name\":\"Capitall Windows\",\"description\":\"\",\"potentialAction\":[{\"@type\":\"SearchAction\",\"target\":{\"@type\":\"EntryPoint\",\"urlTemplate\":\"https:\\\/\\\/www.capitalwindowsottawa.com\\\/fr\\\/?s={search_term_string}\"},\"query-input\":{\"@type\":\"PropertyValueSpecification\",\"valueRequired\":true,\"valueName\":\"search_term_string\"}}],\"inLanguage\":\"fr-FR\"}]}<\/script>\n<!-- \/ Yoast SEO plugin. -->","yoast_head_json":{"title":"Contre Porte Gatineau Ottawa - Capitall Windows","description":"Les fen\u00eatres Capitall offrent Storm Door \u00e0 Ottawa dans une vari\u00e9t\u00e9 et des designs de portes de qualit\u00e9 sup\u00e9rieure avec une \u00e9quipe de professionnels. Appelez-nous au 613-680-0492 pour obtenir un devis gratuit.","robots":{"index":"index","follow":"follow","max-snippet":"max-snippet:-1","max-image-preview":"max-image-preview:large","max-video-preview":"max-video-preview:-1"},"canonical":"https:\/\/www.capitalwindowsottawa.com\/fr\/contre-porte-gatineau-ottawa\/","og_locale":"fr_FR","og_type":"article","og_title":"Contre Porte Gatineau Ottawa - Capitall Windows","og_description":"Les fen\u00eatres Capitall offrent Storm Door \u00e0 Ottawa dans une vari\u00e9t\u00e9 et des designs de portes de qualit\u00e9 sup\u00e9rieure avec une \u00e9quipe de professionnels. Appelez-nous au 613-680-0492 pour obtenir un devis gratuit.","og_url":"https:\/\/www.capitalwindowsottawa.com\/fr\/contre-porte-gatineau-ottawa\/","og_site_name":"Capitall Windows","article_modified_time":"2023-02-16T11:24:35+00:00","twitter_card":"summary_large_image","schema":{"@context":"https:\/\/schema.org","@graph":[{"@type":"WebPage","@id":"https:\/\/www.capitalwindowsottawa.com\/fr\/contre-porte-gatineau-ottawa\/","url":"https:\/\/www.capitalwindowsottawa.com\/fr\/contre-porte-gatineau-ottawa\/","name":"Contre Porte Gatineau Ottawa - Capitall Windows","isPartOf":{"@id":"https:\/\/www.capitalwindowsottawa.com\/fr\/#website"},"datePublished":"2022-12-21T15:14:57+00:00","dateModified":"2023-02-16T11:24:35+00:00","description":"Les fen\u00eatres Capitall offrent Storm Door \u00e0 Ottawa dans une vari\u00e9t\u00e9 et des designs de portes de qualit\u00e9 sup\u00e9rieure avec une \u00e9quipe de professionnels. Appelez-nous au 613-680-0492 pour obtenir un devis gratuit.","breadcrumb":{"@id":"https:\/\/www.capitalwindowsottawa.com\/fr\/contre-porte-gatineau-ottawa\/#breadcrumb"},"inLanguage":"fr-FR","potentialAction":[{"@type":"ReadAction","target":["https:\/\/www.capitalwindowsottawa.com\/fr\/contre-porte-gatineau-ottawa\/"]}]},{"@type":"BreadcrumbList","@id":"https:\/\/www.capitalwindowsottawa.com\/fr\/contre-porte-gatineau-ottawa\/#breadcrumb","itemListElement":[{"@type":"ListItem","position":1,"name":"Home","item":"https:\/\/www.capitalwindowsottawa.com\/fr\/"},{"@type":"ListItem","position":2,"name":"CONTRE-PORTE"}]},{"@type":"WebSite","@id":"https:\/\/www.capitalwindowsottawa.com\/fr\/#website","url":"https:\/\/www.capitalwindowsottawa.com\/fr\/","name":"Capitall Windows","description":"","potentialAction":[{"@type":"SearchAction","target":{"@type":"EntryPoint","urlTemplate":"https:\/\/www.capitalwindowsottawa.com\/fr\/?s={search_term_string}"},"query-input":{"@type":"PropertyValueSpecification","valueRequired":true,"valueName":"search_term_string"}}],"inLanguage":"fr-FR"}]}},"_links":{"self":[{"href":"https:\/\/www.capitalwindowsottawa.com\/fr\/wp-json\/wp\/v2\/pages\/542","targetHints":{"allow":["GET"]}}],"collection":[{"href":"https:\/\/www.capitalwindowsottawa.com\/fr\/wp-json\/wp\/v2\/pages"}],"about":[{"href":"https:\/\/www.capitalwindowsottawa.com\/fr\/wp-json\/wp\/v2\/types\/page"}],"author":[{"embeddable":true,"href":"https:\/\/www.capitalwindowsottawa.com\/fr\/wp-json\/wp\/v2\/users\/1"}],"replies":[{"embeddable":true,"href":"https:\/\/www.capitalwindowsottawa.com\/fr\/wp-json\/wp\/v2\/comments?post=542"}],"version-history":[{"count":6,"href":"https:\/\/www.capitalwindowsottawa.com\/fr\/wp-json\/wp\/v2\/pages\/542\/revisions"}],"predecessor-version":[{"id":1308,"href":"https:\/\/www.capitalwindowsottawa.com\/fr\/wp-json\/wp\/v2\/pages\/542\/revisions\/1308"}],"wp:attachment":[{"href":"https:\/\/www.capitalwindowsottawa.com\/fr\/wp-json\/wp\/v2\/media?parent=542"}],"curies":[{"name":"wp","href":"https:\/\/api.w.org\/{rel}","templated":true}]}}