{"id":561,"date":"2022-12-21T15:12:15","date_gmt":"2022-12-21T15:12:15","guid":{"rendered":"https:\/\/www.capitalwindowsottawa.com\/?page_id=561"},"modified":"2023-02-16T11:49:56","modified_gmt":"2023-02-16T11:49:56","slug":"fenetres-battant-fixe-gatineau-ottawa","status":"publish","type":"page","link":"https:\/\/www.capitalwindowsottawa.com\/fr\/fenetres-battant-fixe-gatineau-ottawa\/","title":{"rendered":"FEN\u00caTRES \u00c0 BATTANT FIXE"},"content":{"rendered":"","protected":false},"excerpt":{"rendered":"","protected":false},"author":1,"featured_media":0,"parent":0,"menu_order":0,"comment_status":"closed","ping_status":"closed","template":"templates\/section-block.php","meta":{"_acf_changed":false,"footnotes":""},"class_list":["post-561","page","type-page","status-publish","hentry"],"acf":[],"yoast_head":"<!-- This site is optimized with the Yoast SEO plugin v27.3 - https:\/\/yoast.com\/product\/yoast-seo-wordpress\/ -->\n<title>Fen\u00eatres \u00e0 battants fixes Ottawa - Fen\u00eatres capitales<\/title>\n<meta name=\"description\" content=\"Les fen\u00eatres \u00e0 battants fixes Capitall Windows \u00e0 Ottawa sont certifi\u00e9es Energy Star, ce qui vous permet de r\u00e9duire vos factures d&#039;\u00e9nergie. Appelez-nous au 613-680-0492.\" \/>\n<meta name=\"robots\" content=\"index, follow, max-snippet:-1, max-image-preview:large, max-video-preview:-1\" \/>\n<link rel=\"canonical\" href=\"https:\/\/www.capitalwindowsottawa.com\/fr\/fenetres-battant-fixe-gatineau-ottawa\/\" \/>\n<meta property=\"og:locale\" content=\"fr_FR\" \/>\n<meta property=\"og:type\" content=\"article\" \/>\n<meta property=\"og:title\" content=\"Fen\u00eatres \u00e0 battants fixes Ottawa - Fen\u00eatres capitales\" \/>\n<meta property=\"og:description\" content=\"Les fen\u00eatres \u00e0 battants fixes Capitall Windows \u00e0 Ottawa sont certifi\u00e9es Energy Star, ce qui vous permet de r\u00e9duire vos factures d&#039;\u00e9nergie. Appelez-nous au 613-680-0492.\" \/>\n<meta property=\"og:url\" content=\"https:\/\/www.capitalwindowsottawa.com\/fr\/fenetres-battant-fixe-gatineau-ottawa\/\" \/>\n<meta property=\"og:site_name\" content=\"Capitall Windows\" \/>\n<meta property=\"article:modified_time\" content=\"2023-02-16T11:49:56+00:00\" \/>\n<meta name=\"twitter:card\" content=\"summary_large_image\" \/>\n<script type=\"application\/ld+json\" class=\"yoast-schema-graph\">{\"@context\":\"https:\\\/\\\/schema.org\",\"@graph\":[{\"@type\":\"WebPage\",\"@id\":\"https:\\\/\\\/www.capitalwindowsottawa.com\\\/fr\\\/fenetres-battant-fixe-gatineau-ottawa\\\/\",\"url\":\"https:\\\/\\\/www.capitalwindowsottawa.com\\\/fr\\\/fenetres-battant-fixe-gatineau-ottawa\\\/\",\"name\":\"Fen\u00eatres \u00e0 battants fixes Ottawa - Fen\u00eatres capitales\",\"isPartOf\":{\"@id\":\"https:\\\/\\\/www.capitalwindowsottawa.com\\\/fr\\\/#website\"},\"datePublished\":\"2022-12-21T15:12:15+00:00\",\"dateModified\":\"2023-02-16T11:49:56+00:00\",\"description\":\"Les fen\u00eatres \u00e0 battants fixes Capitall Windows \u00e0 Ottawa sont certifi\u00e9es Energy Star, ce qui vous permet de r\u00e9duire vos factures d'\u00e9nergie. Appelez-nous au 613-680-0492.\",\"breadcrumb\":{\"@id\":\"https:\\\/\\\/www.capitalwindowsottawa.com\\\/fr\\\/fenetres-battant-fixe-gatineau-ottawa\\\/#breadcrumb\"},\"inLanguage\":\"fr-FR\",\"potentialAction\":[{\"@type\":\"ReadAction\",\"target\":[\"https:\\\/\\\/www.capitalwindowsottawa.com\\\/fr\\\/fenetres-battant-fixe-gatineau-ottawa\\\/\"]}]},{\"@type\":\"BreadcrumbList\",\"@id\":\"https:\\\/\\\/www.capitalwindowsottawa.com\\\/fr\\\/fenetres-battant-fixe-gatineau-ottawa\\\/#breadcrumb\",\"itemListElement\":[{\"@type\":\"ListItem\",\"position\":1,\"name\":\"Home\",\"item\":\"https:\\\/\\\/www.capitalwindowsottawa.com\\\/fr\\\/\"},{\"@type\":\"ListItem\",\"position\":2,\"name\":\"FEN\u00caTRES \u00c0 BATTANT FIXE\"}]},{\"@type\":\"WebSite\",\"@id\":\"https:\\\/\\\/www.capitalwindowsottawa.com\\\/fr\\\/#website\",\"url\":\"https:\\\/\\\/www.capitalwindowsottawa.com\\\/fr\\\/\",\"name\":\"Capitall Windows\",\"description\":\"\",\"potentialAction\":[{\"@type\":\"SearchAction\",\"target\":{\"@type\":\"EntryPoint\",\"urlTemplate\":\"https:\\\/\\\/www.capitalwindowsottawa.com\\\/fr\\\/?s={search_term_string}\"},\"query-input\":{\"@type\":\"PropertyValueSpecification\",\"valueRequired\":true,\"valueName\":\"search_term_string\"}}],\"inLanguage\":\"fr-FR\"}]}<\/script>\n<!-- \/ Yoast SEO plugin. -->","yoast_head_json":{"title":"Fen\u00eatres \u00e0 battants fixes Ottawa - Fen\u00eatres capitales","description":"Les fen\u00eatres \u00e0 battants fixes Capitall Windows \u00e0 Ottawa sont certifi\u00e9es Energy Star, ce qui vous permet de r\u00e9duire vos factures d'\u00e9nergie. Appelez-nous au 613-680-0492.","robots":{"index":"index","follow":"follow","max-snippet":"max-snippet:-1","max-image-preview":"max-image-preview:large","max-video-preview":"max-video-preview:-1"},"canonical":"https:\/\/www.capitalwindowsottawa.com\/fr\/fenetres-battant-fixe-gatineau-ottawa\/","og_locale":"fr_FR","og_type":"article","og_title":"Fen\u00eatres \u00e0 battants fixes Ottawa - Fen\u00eatres capitales","og_description":"Les fen\u00eatres \u00e0 battants fixes Capitall Windows \u00e0 Ottawa sont certifi\u00e9es Energy Star, ce qui vous permet de r\u00e9duire vos factures d'\u00e9nergie. Appelez-nous au 613-680-0492.","og_url":"https:\/\/www.capitalwindowsottawa.com\/fr\/fenetres-battant-fixe-gatineau-ottawa\/","og_site_name":"Capitall Windows","article_modified_time":"2023-02-16T11:49:56+00:00","twitter_card":"summary_large_image","schema":{"@context":"https:\/\/schema.org","@graph":[{"@type":"WebPage","@id":"https:\/\/www.capitalwindowsottawa.com\/fr\/fenetres-battant-fixe-gatineau-ottawa\/","url":"https:\/\/www.capitalwindowsottawa.com\/fr\/fenetres-battant-fixe-gatineau-ottawa\/","name":"Fen\u00eatres \u00e0 battants fixes Ottawa - Fen\u00eatres capitales","isPartOf":{"@id":"https:\/\/www.capitalwindowsottawa.com\/fr\/#website"},"datePublished":"2022-12-21T15:12:15+00:00","dateModified":"2023-02-16T11:49:56+00:00","description":"Les fen\u00eatres \u00e0 battants fixes Capitall Windows \u00e0 Ottawa sont certifi\u00e9es Energy Star, ce qui vous permet de r\u00e9duire vos factures d'\u00e9nergie. Appelez-nous au 613-680-0492.","breadcrumb":{"@id":"https:\/\/www.capitalwindowsottawa.com\/fr\/fenetres-battant-fixe-gatineau-ottawa\/#breadcrumb"},"inLanguage":"fr-FR","potentialAction":[{"@type":"ReadAction","target":["https:\/\/www.capitalwindowsottawa.com\/fr\/fenetres-battant-fixe-gatineau-ottawa\/"]}]},{"@type":"BreadcrumbList","@id":"https:\/\/www.capitalwindowsottawa.com\/fr\/fenetres-battant-fixe-gatineau-ottawa\/#breadcrumb","itemListElement":[{"@type":"ListItem","position":1,"name":"Home","item":"https:\/\/www.capitalwindowsottawa.com\/fr\/"},{"@type":"ListItem","position":2,"name":"FEN\u00caTRES \u00c0 BATTANT FIXE"}]},{"@type":"WebSite","@id":"https:\/\/www.capitalwindowsottawa.com\/fr\/#website","url":"https:\/\/www.capitalwindowsottawa.com\/fr\/","name":"Capitall Windows","description":"","potentialAction":[{"@type":"SearchAction","target":{"@type":"EntryPoint","urlTemplate":"https:\/\/www.capitalwindowsottawa.com\/fr\/?s={search_term_string}"},"query-input":{"@type":"PropertyValueSpecification","valueRequired":true,"valueName":"search_term_string"}}],"inLanguage":"fr-FR"}]}},"_links":{"self":[{"href":"https:\/\/www.capitalwindowsottawa.com\/fr\/wp-json\/wp\/v2\/pages\/561","targetHints":{"allow":["GET"]}}],"collection":[{"href":"https:\/\/www.capitalwindowsottawa.com\/fr\/wp-json\/wp\/v2\/pages"}],"about":[{"href":"https:\/\/www.capitalwindowsottawa.com\/fr\/wp-json\/wp\/v2\/types\/page"}],"author":[{"embeddable":true,"href":"https:\/\/www.capitalwindowsottawa.com\/fr\/wp-json\/wp\/v2\/users\/1"}],"replies":[{"embeddable":true,"href":"https:\/\/www.capitalwindowsottawa.com\/fr\/wp-json\/wp\/v2\/comments?post=561"}],"version-history":[{"count":6,"href":"https:\/\/www.capitalwindowsottawa.com\/fr\/wp-json\/wp\/v2\/pages\/561\/revisions"}],"predecessor-version":[{"id":1318,"href":"https:\/\/www.capitalwindowsottawa.com\/fr\/wp-json\/wp\/v2\/pages\/561\/revisions\/1318"}],"wp:attachment":[{"href":"https:\/\/www.capitalwindowsottawa.com\/fr\/wp-json\/wp\/v2\/media?parent=561"}],"curies":[{"name":"wp","href":"https:\/\/api.w.org\/{rel}","templated":true}]}}