{"id":574,"date":"2022-12-21T15:13:26","date_gmt":"2022-12-21T15:13:26","guid":{"rendered":"https:\/\/www.capitalwindowsottawa.com\/?page_id=574"},"modified":"2023-01-16T12:20:33","modified_gmt":"2023-01-16T12:20:33","slug":"condensation-de-fenetre","status":"publish","type":"page","link":"https:\/\/www.capitalwindowsottawa.com\/fr\/condensation-de-fenetre\/","title":{"rendered":"CONDENSATION DE FEN\u00caTRE"},"content":{"rendered":"","protected":false},"excerpt":{"rendered":"","protected":false},"author":1,"featured_media":0,"parent":0,"menu_order":0,"comment_status":"closed","ping_status":"closed","template":"templates\/section-block.php","meta":{"_acf_changed":false,"footnotes":""},"class_list":["post-574","page","type-page","status-publish","hentry"],"acf":[],"yoast_head":"<!-- This site is optimized with the Yoast SEO plugin v27.3 - https:\/\/yoast.com\/product\/yoast-seo-wordpress\/ -->\n<title>Fen\u00eatre Condensation Ottawa - Fen\u00eatres Capitall<\/title>\n<meta name=\"description\" content=\"Beaucoup de gens s&#039;inqui\u00e8tent du fait que leurs fen\u00eatres sont en quelque sorte d\u00e9ficientes lorsqu&#039;ils voient de la condensation se former sur les vitres int\u00e9rieures pendant l&#039;hiver. contactez-nous aujourd&#039;hui.\" \/>\n<meta name=\"robots\" content=\"index, follow, max-snippet:-1, max-image-preview:large, max-video-preview:-1\" \/>\n<link rel=\"canonical\" href=\"https:\/\/www.capitalwindowsottawa.com\/fr\/condensation-de-fenetre\/\" \/>\n<meta property=\"og:locale\" content=\"fr_FR\" \/>\n<meta property=\"og:type\" content=\"article\" \/>\n<meta property=\"og:title\" content=\"Fen\u00eatre Condensation Ottawa - Fen\u00eatres Capitall\" \/>\n<meta property=\"og:description\" content=\"Beaucoup de gens s&#039;inqui\u00e8tent du fait que leurs fen\u00eatres sont en quelque sorte d\u00e9ficientes lorsqu&#039;ils voient de la condensation se former sur les vitres int\u00e9rieures pendant l&#039;hiver. contactez-nous aujourd&#039;hui.\" \/>\n<meta property=\"og:url\" content=\"https:\/\/www.capitalwindowsottawa.com\/fr\/condensation-de-fenetre\/\" \/>\n<meta property=\"og:site_name\" content=\"Capitall Windows\" \/>\n<meta property=\"article:modified_time\" content=\"2023-01-16T12:20:33+00:00\" \/>\n<meta name=\"twitter:card\" content=\"summary_large_image\" \/>\n<script type=\"application\/ld+json\" class=\"yoast-schema-graph\">{\"@context\":\"https:\\\/\\\/schema.org\",\"@graph\":[{\"@type\":\"WebPage\",\"@id\":\"https:\\\/\\\/www.capitalwindowsottawa.com\\\/fr\\\/condensation-de-fenetre\\\/\",\"url\":\"https:\\\/\\\/www.capitalwindowsottawa.com\\\/fr\\\/condensation-de-fenetre\\\/\",\"name\":\"Fen\u00eatre Condensation Ottawa - Fen\u00eatres Capitall\",\"isPartOf\":{\"@id\":\"https:\\\/\\\/www.capitalwindowsottawa.com\\\/fr\\\/#website\"},\"datePublished\":\"2022-12-21T15:13:26+00:00\",\"dateModified\":\"2023-01-16T12:20:33+00:00\",\"description\":\"Beaucoup de gens s'inqui\u00e8tent du fait que leurs fen\u00eatres sont en quelque sorte d\u00e9ficientes lorsqu'ils voient de la condensation se former sur les vitres int\u00e9rieures pendant l'hiver. contactez-nous aujourd'hui.\",\"breadcrumb\":{\"@id\":\"https:\\\/\\\/www.capitalwindowsottawa.com\\\/fr\\\/condensation-de-fenetre\\\/#breadcrumb\"},\"inLanguage\":\"fr-FR\",\"potentialAction\":[{\"@type\":\"ReadAction\",\"target\":[\"https:\\\/\\\/www.capitalwindowsottawa.com\\\/fr\\\/condensation-de-fenetre\\\/\"]}]},{\"@type\":\"BreadcrumbList\",\"@id\":\"https:\\\/\\\/www.capitalwindowsottawa.com\\\/fr\\\/condensation-de-fenetre\\\/#breadcrumb\",\"itemListElement\":[{\"@type\":\"ListItem\",\"position\":1,\"name\":\"Home\",\"item\":\"https:\\\/\\\/www.capitalwindowsottawa.com\\\/fr\\\/\"},{\"@type\":\"ListItem\",\"position\":2,\"name\":\"CONDENSATION DE FEN\u00caTRE\"}]},{\"@type\":\"WebSite\",\"@id\":\"https:\\\/\\\/www.capitalwindowsottawa.com\\\/fr\\\/#website\",\"url\":\"https:\\\/\\\/www.capitalwindowsottawa.com\\\/fr\\\/\",\"name\":\"Capitall Windows\",\"description\":\"\",\"potentialAction\":[{\"@type\":\"SearchAction\",\"target\":{\"@type\":\"EntryPoint\",\"urlTemplate\":\"https:\\\/\\\/www.capitalwindowsottawa.com\\\/fr\\\/?s={search_term_string}\"},\"query-input\":{\"@type\":\"PropertyValueSpecification\",\"valueRequired\":true,\"valueName\":\"search_term_string\"}}],\"inLanguage\":\"fr-FR\"}]}<\/script>\n<!-- \/ Yoast SEO plugin. -->","yoast_head_json":{"title":"Fen\u00eatre Condensation Ottawa - Fen\u00eatres Capitall","description":"Beaucoup de gens s'inqui\u00e8tent du fait que leurs fen\u00eatres sont en quelque sorte d\u00e9ficientes lorsqu'ils voient de la condensation se former sur les vitres int\u00e9rieures pendant l'hiver. contactez-nous aujourd'hui.","robots":{"index":"index","follow":"follow","max-snippet":"max-snippet:-1","max-image-preview":"max-image-preview:large","max-video-preview":"max-video-preview:-1"},"canonical":"https:\/\/www.capitalwindowsottawa.com\/fr\/condensation-de-fenetre\/","og_locale":"fr_FR","og_type":"article","og_title":"Fen\u00eatre Condensation Ottawa - Fen\u00eatres Capitall","og_description":"Beaucoup de gens s'inqui\u00e8tent du fait que leurs fen\u00eatres sont en quelque sorte d\u00e9ficientes lorsqu'ils voient de la condensation se former sur les vitres int\u00e9rieures pendant l'hiver. contactez-nous aujourd'hui.","og_url":"https:\/\/www.capitalwindowsottawa.com\/fr\/condensation-de-fenetre\/","og_site_name":"Capitall Windows","article_modified_time":"2023-01-16T12:20:33+00:00","twitter_card":"summary_large_image","schema":{"@context":"https:\/\/schema.org","@graph":[{"@type":"WebPage","@id":"https:\/\/www.capitalwindowsottawa.com\/fr\/condensation-de-fenetre\/","url":"https:\/\/www.capitalwindowsottawa.com\/fr\/condensation-de-fenetre\/","name":"Fen\u00eatre Condensation Ottawa - Fen\u00eatres Capitall","isPartOf":{"@id":"https:\/\/www.capitalwindowsottawa.com\/fr\/#website"},"datePublished":"2022-12-21T15:13:26+00:00","dateModified":"2023-01-16T12:20:33+00:00","description":"Beaucoup de gens s'inqui\u00e8tent du fait que leurs fen\u00eatres sont en quelque sorte d\u00e9ficientes lorsqu'ils voient de la condensation se former sur les vitres int\u00e9rieures pendant l'hiver. contactez-nous aujourd'hui.","breadcrumb":{"@id":"https:\/\/www.capitalwindowsottawa.com\/fr\/condensation-de-fenetre\/#breadcrumb"},"inLanguage":"fr-FR","potentialAction":[{"@type":"ReadAction","target":["https:\/\/www.capitalwindowsottawa.com\/fr\/condensation-de-fenetre\/"]}]},{"@type":"BreadcrumbList","@id":"https:\/\/www.capitalwindowsottawa.com\/fr\/condensation-de-fenetre\/#breadcrumb","itemListElement":[{"@type":"ListItem","position":1,"name":"Home","item":"https:\/\/www.capitalwindowsottawa.com\/fr\/"},{"@type":"ListItem","position":2,"name":"CONDENSATION DE FEN\u00caTRE"}]},{"@type":"WebSite","@id":"https:\/\/www.capitalwindowsottawa.com\/fr\/#website","url":"https:\/\/www.capitalwindowsottawa.com\/fr\/","name":"Capitall Windows","description":"","potentialAction":[{"@type":"SearchAction","target":{"@type":"EntryPoint","urlTemplate":"https:\/\/www.capitalwindowsottawa.com\/fr\/?s={search_term_string}"},"query-input":{"@type":"PropertyValueSpecification","valueRequired":true,"valueName":"search_term_string"}}],"inLanguage":"fr-FR"}]}},"_links":{"self":[{"href":"https:\/\/www.capitalwindowsottawa.com\/fr\/wp-json\/wp\/v2\/pages\/574","targetHints":{"allow":["GET"]}}],"collection":[{"href":"https:\/\/www.capitalwindowsottawa.com\/fr\/wp-json\/wp\/v2\/pages"}],"about":[{"href":"https:\/\/www.capitalwindowsottawa.com\/fr\/wp-json\/wp\/v2\/types\/page"}],"author":[{"embeddable":true,"href":"https:\/\/www.capitalwindowsottawa.com\/fr\/wp-json\/wp\/v2\/users\/1"}],"replies":[{"embeddable":true,"href":"https:\/\/www.capitalwindowsottawa.com\/fr\/wp-json\/wp\/v2\/comments?post=574"}],"version-history":[{"count":3,"href":"https:\/\/www.capitalwindowsottawa.com\/fr\/wp-json\/wp\/v2\/pages\/574\/revisions"}],"predecessor-version":[{"id":1078,"href":"https:\/\/www.capitalwindowsottawa.com\/fr\/wp-json\/wp\/v2\/pages\/574\/revisions\/1078"}],"wp:attachment":[{"href":"https:\/\/www.capitalwindowsottawa.com\/fr\/wp-json\/wp\/v2\/media?parent=574"}],"curies":[{"name":"wp","href":"https:\/\/api.w.org\/{rel}","templated":true}]}}